{"id":8425,"date":"2024-12-03T13:09:51","date_gmt":"2024-12-03T12:09:51","guid":{"rendered":"https:\/\/pst.mobitouch.pl\/product\/chanel-paris-zweifarbig-cc-doppelte-klappe-3\/"},"modified":"2024-12-03T13:09:51","modified_gmt":"2024-12-03T12:09:51","slug":"chanel-paris-zweifarbig-cc-doppelte-klappe-3","status":"publish","type":"product","link":"http:\/\/pst.mobitouch.pl\/de\/produkt\/chanel-paris-zweifarbig-cc-doppelte-klappe-3\/","title":{"rendered":"Chanel Paris Zweifarbig CC Doppelte Klappe"},"content":{"rendered":"<p><strong>Pers\u00f6nliche \u00dcbergabe der Tasche:<\/strong> Wir sind ein Online-Gesch\u00e4ft, aber unsere Taschen k\u00f6nnen nach vorheriger Absprache pers\u00f6nlich in Luzern \u00fcberpr\u00fcft werden.<\/p>\n<p><strong>Echtheit:<\/strong> Wir garantieren, dass alle unsere Produkte authentisch sind.<\/p>\n<p><strong>Fotos:<\/strong> Alle Fotos sind von uns selbst aufgenommen und zeigen genau das Produkt, das wir anbieten.<\/p>\n<p><strong>Fragen:<\/strong> Z\u00f6gern Sie nicht, vor dem Kauf Fragen zu stellen, um Missverst\u00e4ndnisse und Zweifel zu vermeiden.<\/p>\n","protected":false},"excerpt":{"rendered":"<p>Chanel ist eine Ikone der Eleganz und des Luxus, mit Handtaschen, die zeitlosen Stil symbolisieren. Die aus den hochwertigsten Materialien gefertigten Taschen der Marke vereinen nahtlos klassisches Design mit modernem Flair. <\/p>\n","protected":false},"featured_media":8350,"template":"","meta":{"_acf_changed":false},"product_brand":[],"product_cat":[138],"product_tag":[],"class_list":{"0":"post-8425","1":"product","2":"type-product","3":"status-publish","4":"has-post-thumbnail","6":"product_cat-taschen","8":"first","9":"instock","10":"taxable","11":"shipping-taxable","12":"purchasable","13":"product-type-simple"},"acf":[],"yoast_head":"<!-- This site is optimized with the Yoast SEO plugin v24.4 - https:\/\/yoast.com\/wordpress\/plugins\/seo\/ -->\n<title>Chanel Paris Zweifarbig CC Doppelte Klappe - Prime SwissTime<\/title>\n<meta name=\"robots\" content=\"noindex, follow, max-snippet:-1, max-image-preview:large, max-video-preview:-1\" \/>\n<meta property=\"og:locale\" content=\"de_DE\" \/>\n<meta property=\"og:type\" content=\"article\" \/>\n<meta property=\"og:title\" content=\"Chanel Paris Zweifarbig CC Doppelte Klappe - Prime SwissTime\" \/>\n<meta property=\"og:description\" content=\"Chanel ist eine Ikone der Eleganz und des Luxus, mit Handtaschen, die zeitlosen Stil symbolisieren. Die aus den hochwertigsten Materialien gefertigten Taschen der Marke vereinen nahtlos klassisches Design mit modernem Flair.\" \/>\n<meta property=\"og:url\" content=\"http:\/\/pst.mobitouch.pl\/de\/produkt\/chanel-paris-zweifarbig-cc-doppelte-klappe-3\/\" \/>\n<meta property=\"og:site_name\" content=\"Prime SwissTime\" \/>\n<meta property=\"og:image\" content=\"http:\/\/pst.mobitouch.pl\/wp-content\/uploads\/2024\/12\/DSC01789.jpg\" \/>\n\t<meta property=\"og:image:width\" content=\"1500\" \/>\n\t<meta property=\"og:image:height\" content=\"1500\" \/>\n\t<meta property=\"og:image:type\" content=\"image\/jpeg\" \/>\n<meta name=\"twitter:card\" content=\"summary_large_image\" \/>\n<script type=\"application\/ld+json\" class=\"yoast-schema-graph\">{\"@context\":\"https:\/\/schema.org\",\"@graph\":[{\"@type\":\"WebPage\",\"@id\":\"http:\/\/pst.mobitouch.pl\/de\/produkt\/chanel-paris-zweifarbig-cc-doppelte-klappe-3\/\",\"url\":\"http:\/\/pst.mobitouch.pl\/de\/produkt\/chanel-paris-zweifarbig-cc-doppelte-klappe-3\/\",\"name\":\"Chanel Paris Zweifarbig CC Doppelte Klappe - Prime SwissTime\",\"isPartOf\":{\"@id\":\"http:\/\/pst.mobitouch.pl\/de\/#website\"},\"primaryImageOfPage\":{\"@id\":\"http:\/\/pst.mobitouch.pl\/de\/produkt\/chanel-paris-zweifarbig-cc-doppelte-klappe-3\/#primaryimage\"},\"image\":{\"@id\":\"http:\/\/pst.mobitouch.pl\/de\/produkt\/chanel-paris-zweifarbig-cc-doppelte-klappe-3\/#primaryimage\"},\"thumbnailUrl\":\"http:\/\/pst.mobitouch.pl\/wp-content\/uploads\/2024\/12\/DSC01789.jpg\",\"datePublished\":\"2024-12-03T12:09:51+00:00\",\"breadcrumb\":{\"@id\":\"http:\/\/pst.mobitouch.pl\/de\/produkt\/chanel-paris-zweifarbig-cc-doppelte-klappe-3\/#breadcrumb\"},\"inLanguage\":\"de\",\"potentialAction\":[{\"@type\":\"ReadAction\",\"target\":[\"http:\/\/pst.mobitouch.pl\/de\/produkt\/chanel-paris-zweifarbig-cc-doppelte-klappe-3\/\"]}]},{\"@type\":\"ImageObject\",\"inLanguage\":\"de\",\"@id\":\"http:\/\/pst.mobitouch.pl\/de\/produkt\/chanel-paris-zweifarbig-cc-doppelte-klappe-3\/#primaryimage\",\"url\":\"http:\/\/pst.mobitouch.pl\/wp-content\/uploads\/2024\/12\/DSC01789.jpg\",\"contentUrl\":\"http:\/\/pst.mobitouch.pl\/wp-content\/uploads\/2024\/12\/DSC01789.jpg\",\"width\":1500,\"height\":1500},{\"@type\":\"BreadcrumbList\",\"@id\":\"http:\/\/pst.mobitouch.pl\/de\/produkt\/chanel-paris-zweifarbig-cc-doppelte-klappe-3\/#breadcrumb\",\"itemListElement\":[{\"@type\":\"ListItem\",\"position\":1,\"name\":\"Home\",\"item\":\"http:\/\/pst.mobitouch.pl\/de\/\"},{\"@type\":\"ListItem\",\"position\":2,\"name\":\"Shop\",\"item\":\"http:\/\/pst.mobitouch.pl\/shop\/\"},{\"@type\":\"ListItem\",\"position\":3,\"name\":\"Chanel Paris Zweifarbig CC Doppelte Klappe\"}]},{\"@type\":\"WebSite\",\"@id\":\"http:\/\/pst.mobitouch.pl\/de\/#website\",\"url\":\"http:\/\/pst.mobitouch.pl\/de\/\",\"name\":\"Prime SwissTime\",\"description\":\"Pre-owned watches\",\"publisher\":{\"@id\":\"http:\/\/pst.mobitouch.pl\/de\/#organization\"},\"potentialAction\":[{\"@type\":\"SearchAction\",\"target\":{\"@type\":\"EntryPoint\",\"urlTemplate\":\"http:\/\/pst.mobitouch.pl\/de\/?s={search_term_string}\"},\"query-input\":{\"@type\":\"PropertyValueSpecification\",\"valueRequired\":true,\"valueName\":\"search_term_string\"}}],\"inLanguage\":\"de\"},{\"@type\":\"Organization\",\"@id\":\"http:\/\/pst.mobitouch.pl\/de\/#organization\",\"name\":\"Prime SwissTime\",\"url\":\"http:\/\/pst.mobitouch.pl\/de\/\",\"logo\":{\"@type\":\"ImageObject\",\"inLanguage\":\"de\",\"@id\":\"http:\/\/pst.mobitouch.pl\/de\/#\/schema\/logo\/image\/\",\"url\":\"http:\/\/pst.mobitouch.pl\/wp-content\/uploads\/2024\/08\/Asset-24.png\",\"contentUrl\":\"http:\/\/pst.mobitouch.pl\/wp-content\/uploads\/2024\/08\/Asset-24.png\",\"width\":2614,\"height\":320,\"caption\":\"Prime SwissTime\"},\"image\":{\"@id\":\"http:\/\/pst.mobitouch.pl\/de\/#\/schema\/logo\/image\/\"}}]}<\/script>\n<!-- \/ Yoast SEO plugin. -->","yoast_head_json":{"title":"Chanel Paris Zweifarbig CC Doppelte Klappe - Prime SwissTime","robots":{"index":"noindex","follow":"follow","max-snippet":"max-snippet:-1","max-image-preview":"max-image-preview:large","max-video-preview":"max-video-preview:-1"},"og_locale":"de_DE","og_type":"article","og_title":"Chanel Paris Zweifarbig CC Doppelte Klappe - Prime SwissTime","og_description":"Chanel ist eine Ikone der Eleganz und des Luxus, mit Handtaschen, die zeitlosen Stil symbolisieren. Die aus den hochwertigsten Materialien gefertigten Taschen der Marke vereinen nahtlos klassisches Design mit modernem Flair.","og_url":"http:\/\/pst.mobitouch.pl\/de\/produkt\/chanel-paris-zweifarbig-cc-doppelte-klappe-3\/","og_site_name":"Prime SwissTime","og_image":[{"width":1500,"height":1500,"url":"http:\/\/pst.mobitouch.pl\/wp-content\/uploads\/2024\/12\/DSC01789.jpg","type":"image\/jpeg"}],"twitter_card":"summary_large_image","schema":{"@context":"https:\/\/schema.org","@graph":[{"@type":"WebPage","@id":"http:\/\/pst.mobitouch.pl\/de\/produkt\/chanel-paris-zweifarbig-cc-doppelte-klappe-3\/","url":"http:\/\/pst.mobitouch.pl\/de\/produkt\/chanel-paris-zweifarbig-cc-doppelte-klappe-3\/","name":"Chanel Paris Zweifarbig CC Doppelte Klappe - Prime SwissTime","isPartOf":{"@id":"http:\/\/pst.mobitouch.pl\/de\/#website"},"primaryImageOfPage":{"@id":"http:\/\/pst.mobitouch.pl\/de\/produkt\/chanel-paris-zweifarbig-cc-doppelte-klappe-3\/#primaryimage"},"image":{"@id":"http:\/\/pst.mobitouch.pl\/de\/produkt\/chanel-paris-zweifarbig-cc-doppelte-klappe-3\/#primaryimage"},"thumbnailUrl":"http:\/\/pst.mobitouch.pl\/wp-content\/uploads\/2024\/12\/DSC01789.jpg","datePublished":"2024-12-03T12:09:51+00:00","breadcrumb":{"@id":"http:\/\/pst.mobitouch.pl\/de\/produkt\/chanel-paris-zweifarbig-cc-doppelte-klappe-3\/#breadcrumb"},"inLanguage":"de","potentialAction":[{"@type":"ReadAction","target":["http:\/\/pst.mobitouch.pl\/de\/produkt\/chanel-paris-zweifarbig-cc-doppelte-klappe-3\/"]}]},{"@type":"ImageObject","inLanguage":"de","@id":"http:\/\/pst.mobitouch.pl\/de\/produkt\/chanel-paris-zweifarbig-cc-doppelte-klappe-3\/#primaryimage","url":"http:\/\/pst.mobitouch.pl\/wp-content\/uploads\/2024\/12\/DSC01789.jpg","contentUrl":"http:\/\/pst.mobitouch.pl\/wp-content\/uploads\/2024\/12\/DSC01789.jpg","width":1500,"height":1500},{"@type":"BreadcrumbList","@id":"http:\/\/pst.mobitouch.pl\/de\/produkt\/chanel-paris-zweifarbig-cc-doppelte-klappe-3\/#breadcrumb","itemListElement":[{"@type":"ListItem","position":1,"name":"Home","item":"http:\/\/pst.mobitouch.pl\/de\/"},{"@type":"ListItem","position":2,"name":"Shop","item":"http:\/\/pst.mobitouch.pl\/shop\/"},{"@type":"ListItem","position":3,"name":"Chanel Paris Zweifarbig CC Doppelte Klappe"}]},{"@type":"WebSite","@id":"http:\/\/pst.mobitouch.pl\/de\/#website","url":"http:\/\/pst.mobitouch.pl\/de\/","name":"Prime SwissTime","description":"Pre-owned watches","publisher":{"@id":"http:\/\/pst.mobitouch.pl\/de\/#organization"},"potentialAction":[{"@type":"SearchAction","target":{"@type":"EntryPoint","urlTemplate":"http:\/\/pst.mobitouch.pl\/de\/?s={search_term_string}"},"query-input":{"@type":"PropertyValueSpecification","valueRequired":true,"valueName":"search_term_string"}}],"inLanguage":"de"},{"@type":"Organization","@id":"http:\/\/pst.mobitouch.pl\/de\/#organization","name":"Prime SwissTime","url":"http:\/\/pst.mobitouch.pl\/de\/","logo":{"@type":"ImageObject","inLanguage":"de","@id":"http:\/\/pst.mobitouch.pl\/de\/#\/schema\/logo\/image\/","url":"http:\/\/pst.mobitouch.pl\/wp-content\/uploads\/2024\/08\/Asset-24.png","contentUrl":"http:\/\/pst.mobitouch.pl\/wp-content\/uploads\/2024\/08\/Asset-24.png","width":2614,"height":320,"caption":"Prime SwissTime"},"image":{"@id":"http:\/\/pst.mobitouch.pl\/de\/#\/schema\/logo\/image\/"}}]}},"_links":{"self":[{"href":"http:\/\/pst.mobitouch.pl\/de\/wp-json\/wp\/v2\/product\/8425","targetHints":{"allow":["GET"]}}],"collection":[{"href":"http:\/\/pst.mobitouch.pl\/de\/wp-json\/wp\/v2\/product"}],"about":[{"href":"http:\/\/pst.mobitouch.pl\/de\/wp-json\/wp\/v2\/types\/product"}],"wp:featuredmedia":[{"embeddable":true,"href":"http:\/\/pst.mobitouch.pl\/de\/wp-json\/wp\/v2\/media\/8350"}],"wp:attachment":[{"href":"http:\/\/pst.mobitouch.pl\/de\/wp-json\/wp\/v2\/media?parent=8425"}],"wp:term":[{"taxonomy":"product_brand","embeddable":true,"href":"http:\/\/pst.mobitouch.pl\/de\/wp-json\/wp\/v2\/product_brand?post=8425"},{"taxonomy":"product_cat","embeddable":true,"href":"http:\/\/pst.mobitouch.pl\/de\/wp-json\/wp\/v2\/product_cat?post=8425"},{"taxonomy":"product_tag","embeddable":true,"href":"http:\/\/pst.mobitouch.pl\/de\/wp-json\/wp\/v2\/product_tag?post=8425"}],"curies":[{"name":"wp","href":"https:\/\/api.w.org\/{rel}","templated":true}]}}