{"id":9322,"date":"2025-01-15T05:58:11","date_gmt":"2025-01-15T04:58:11","guid":{"rendered":"https:\/\/pst.mobitouch.pl\/product\/entrupy-zertifikat\/"},"modified":"2025-01-15T05:58:11","modified_gmt":"2025-01-15T04:58:11","slug":"entrupy-zertifikat","status":"publish","type":"product","link":"https:\/\/pst.mobitouch.pl\/de\/produkt\/entrupy-zertifikat\/","title":{"rendered":"Entrupy Zertifikat"},"content":{"rendered":"<div class=\"flex-shrink-0 flex flex-col relative items-end\">\n<div>\n<div class=\"pt-0\">\n<div class=\"gizmo-bot-avatar flex h-8 w-8 items-center justify-center overflow-hidden rounded-full\">\n<div class=\"relative p-1 rounded-sm flex items-center justify-center bg-token-main-surface-primary text-token-text-primary h-8 w-8\"><\/div>\n<\/div>\n<\/div>\n<\/div>\n<\/div>\n<div class=\"group\/conversation-turn relative flex w-full min-w-0 flex-col agent-turn\">\n<div class=\"flex-col gap-1 md:gap-3\">\n<div class=\"flex max-w-full flex-col flex-grow\">\n<div class=\"min-h-8 text-message flex w-full flex-col items-end gap-2 whitespace-normal break-words text-start [.text-message+&amp;]:mt-5\" dir=\"auto\" data-message-author-role=\"assistant\" data-message-id=\"92e001b2-5022-4275-b5c6-a991eb795ef0\" data-message-model-slug=\"gpt-4o\">\n<div class=\"flex w-full flex-col gap-1 empty:hidden first:pt-[3px]\">\n<div class=\"markdown prose w-full break-words dark:prose-invert light\">\n<p><strong>So erhalten Sie ein Entrupy-Authentifizierungszertifikat<\/strong><\/p>\n<p>Nachdem Sie den Service auf unserer Website erworben haben, schicken Sie Ihre Handtasche einfach an uns.<br \/>\nDer Zertifizierungsprozess dauert in der Regel bis zu 2 Arbeitstage. Sobald er abgeschlossen ist, senden wir Ihnen Ihre Handtasche zusammen mit dem ausgestellten Zertifikat zur\u00fcck. <\/p>\n<\/div>\n<\/div>\n<\/div>\n<\/div>\n<\/div>\n<\/div>\n","protected":false},"excerpt":{"rendered":"<p><strong>Wir bieten Ihnen das Entrupy-Authentifizierungszertifikat &#8211; Ihre Garantie f\u00fcr Luxus und Sicherheit.<\/strong><\/p>\n<p>Als Entrupy-Partner bieten wir Ihnen die M\u00f6glichkeit, ein Entrupy-Echtheitszertifikat f\u00fcr Ihre Designer-Handtasche zu erhalten. Das Entrupy-Zertifikat ist ein unabh\u00e4ngiger Echtheitsnachweis, der durch einen einzigartigen Link auf den Servern von Entrupy unterst\u00fctzt wird und durch eine finanzielle Garantie abgedeckt ist. <\/p>\n<p><strong>Warum sollten Sie das Entrupy-Zertifikat w\u00e4hlen?<\/strong><\/p>\n<ul>\n<li><strong>Sicherstellung der Authentizit\u00e4t:<\/strong> Entrupy verwendet eine fortschrittliche mikroskopische Analysetechnologie und vergleicht Bilder mit Millionen von Datenpunkten in seiner umfangreichen Datenbank.<\/li>\n<li><strong>Finanzielle Garantie:<\/strong> Das Zertifikat sch\u00fctzt Sie vor Verlusten im Zusammenhang mit gef\u00e4lschten Artikeln.<\/li>\n<li><strong>Flexibilit\u00e4t:<\/strong> Sie k\u00f6nnen jederzeit online auf Ihr Zertifikat zugreifen und es auch ausdrucken.<\/li>\n<li><strong>Glaubw\u00fcrdigkeit:<\/strong> Das Zertifikat steigert den Wiederverkaufswert Ihrer Handtasche und beseitigt jeden Zweifel an ihrer Herkunft.<\/li>\n<\/ul>\n<p><strong>Unterst\u00fctzte Marken:<\/strong><br \/>\nBalenciaga, Bottega Veneta, Burberry, C\u00e9line, Chanel, Chlo\u00e9, Coach, Dior, Fendi, Givenchy, Goyard, Gucci, Louis Vuitton, Prada, Saint Laurent, Valentino.<\/p>\n<p><strong>Wie funktioniert es?<\/strong><br \/>\nBei dem Verfahren werden mit dem patentierten Ger\u00e4t von Entrupy Bilder aufgenommen, die dann von KI-Algorithmen analysiert werden. Innerhalb von Sekunden best\u00e4tigt das System die Echtheit oder stuft den Gegenstand als &#8222;nicht identifiziert&#8220; ein. Vertrauen Sie Ihre Handtasche einer Technologie an, der Tausende von Kunden weltweit vertrauen. Das Entrupy-Zertifikat ist Ihr Schl\u00fcssel zu einem Luxus, an dem kein Zweifel besteht. <\/p>\n","protected":false},"featured_media":9317,"template":"","meta":{"_acf_changed":false},"product_brand":[],"product_cat":[1612],"product_tag":[],"class_list":{"0":"post-9322","1":"product","2":"type-product","3":"status-publish","4":"has-post-thumbnail","6":"product_cat-uncategorized-de","8":"first","9":"instock","10":"virtual","11":"taxable","12":"purchasable","13":"product-type-simple"},"acf":[],"yoast_head":"<!-- This site is optimized with the Yoast SEO plugin v24.4 - https:\/\/yoast.com\/wordpress\/plugins\/seo\/ -->\n<title>Entrupy Zertifikat - Prime SwissTime<\/title>\n<meta name=\"robots\" content=\"noindex, follow, max-snippet:-1, max-image-preview:large, max-video-preview:-1\" \/>\n<meta property=\"og:locale\" content=\"de_DE\" \/>\n<meta property=\"og:type\" content=\"article\" \/>\n<meta property=\"og:title\" content=\"Entrupy Zertifikat - Prime SwissTime\" \/>\n<meta property=\"og:description\" content=\"Wir bieten Ihnen das Entrupy-Authentifizierungszertifikat - Ihre Garantie f\u00fcr Luxus und Sicherheit. Als Entrupy-Partner bieten wir Ihnen die M\u00f6glichkeit, ein Entrupy-Echtheitszertifikat f\u00fcr Ihre Designer-Handtasche zu erhalten. Das Entrupy-Zertifikat ist ein unabh\u00e4ngiger Echtheitsnachweis, der durch einen einzigartigen Link auf den Servern von Entrupy unterst\u00fctzt wird und durch eine finanzielle Garantie abgedeckt ist.  Warum sollten Sie das Entrupy-Zertifikat w\u00e4hlen?  Sicherstellung der Authentizit\u00e4t: Entrupy verwendet eine fortschrittliche mikroskopische Analysetechnologie und vergleicht Bilder mit Millionen von Datenpunkten in seiner umfangreichen Datenbank.  Finanzielle Garantie: Das Zertifikat sch\u00fctzt Sie vor Verlusten im Zusammenhang mit gef\u00e4lschten Artikeln.  Flexibilit\u00e4t: Sie k\u00f6nnen jederzeit online auf Ihr Zertifikat zugreifen und es auch ausdrucken.  Glaubw\u00fcrdigkeit: Das Zertifikat steigert den Wiederverkaufswert Ihrer Handtasche und beseitigt jeden Zweifel an ihrer Herkunft. Unterst\u00fctzte Marken: Balenciaga, Bottega Veneta, Burberry, C\u00e9line, Chanel, Chlo\u00e9, Coach, Dior, Fendi, Givenchy, Goyard, Gucci, Louis Vuitton, Prada, Saint Laurent, Valentino. Wie funktioniert es? Bei dem Verfahren werden mit dem patentierten Ger\u00e4t von Entrupy Bilder aufgenommen, die dann von KI-Algorithmen analysiert werden. Innerhalb von Sekunden best\u00e4tigt das System die Echtheit oder stuft den Gegenstand als &quot;nicht identifiziert&quot; ein. Vertrauen Sie Ihre Handtasche einer Technologie an, der Tausende von Kunden weltweit vertrauen. Das Entrupy-Zertifikat ist Ihr Schl\u00fcssel zu einem Luxus, an dem kein Zweifel besteht.\" \/>\n<meta property=\"og:url\" content=\"https:\/\/pst.mobitouch.pl\/de\/produkt\/entrupy-zertifikat\/\" \/>\n<meta property=\"og:site_name\" content=\"Prime SwissTime\" \/>\n<meta property=\"og:image\" content=\"https:\/\/pst.mobitouch.pl\/wp-content\/uploads\/2025\/01\/Entrupy-Nasz-Certyfikat.jpeg\" \/>\n\t<meta property=\"og:image:width\" content=\"1000\" \/>\n\t<meta property=\"og:image:height\" content=\"1600\" \/>\n\t<meta property=\"og:image:type\" content=\"image\/jpeg\" \/>\n<meta name=\"twitter:card\" content=\"summary_large_image\" \/>\n<script type=\"application\/ld+json\" class=\"yoast-schema-graph\">{\"@context\":\"https:\/\/schema.org\",\"@graph\":[{\"@type\":\"WebPage\",\"@id\":\"https:\/\/pst.mobitouch.pl\/de\/produkt\/entrupy-zertifikat\/\",\"url\":\"https:\/\/pst.mobitouch.pl\/de\/produkt\/entrupy-zertifikat\/\",\"name\":\"Entrupy Zertifikat - Prime SwissTime\",\"isPartOf\":{\"@id\":\"https:\/\/pst.mobitouch.pl\/de\/#website\"},\"primaryImageOfPage\":{\"@id\":\"https:\/\/pst.mobitouch.pl\/de\/produkt\/entrupy-zertifikat\/#primaryimage\"},\"image\":{\"@id\":\"https:\/\/pst.mobitouch.pl\/de\/produkt\/entrupy-zertifikat\/#primaryimage\"},\"thumbnailUrl\":\"https:\/\/pst.mobitouch.pl\/wp-content\/uploads\/2025\/01\/Entrupy-Nasz-Certyfikat.jpeg\",\"datePublished\":\"2025-01-15T04:58:11+00:00\",\"breadcrumb\":{\"@id\":\"https:\/\/pst.mobitouch.pl\/de\/produkt\/entrupy-zertifikat\/#breadcrumb\"},\"inLanguage\":\"de\",\"potentialAction\":[{\"@type\":\"ReadAction\",\"target\":[\"https:\/\/pst.mobitouch.pl\/de\/produkt\/entrupy-zertifikat\/\"]}]},{\"@type\":\"ImageObject\",\"inLanguage\":\"de\",\"@id\":\"https:\/\/pst.mobitouch.pl\/de\/produkt\/entrupy-zertifikat\/#primaryimage\",\"url\":\"https:\/\/pst.mobitouch.pl\/wp-content\/uploads\/2025\/01\/Entrupy-Nasz-Certyfikat.jpeg\",\"contentUrl\":\"https:\/\/pst.mobitouch.pl\/wp-content\/uploads\/2025\/01\/Entrupy-Nasz-Certyfikat.jpeg\",\"width\":1000,\"height\":1600},{\"@type\":\"BreadcrumbList\",\"@id\":\"https:\/\/pst.mobitouch.pl\/de\/produkt\/entrupy-zertifikat\/#breadcrumb\",\"itemListElement\":[{\"@type\":\"ListItem\",\"position\":1,\"name\":\"Home\",\"item\":\"http:\/\/pst.mobitouch.pl\/de\/\"},{\"@type\":\"ListItem\",\"position\":2,\"name\":\"Shop\",\"item\":\"https:\/\/pst.mobitouch.pl\/de\/geschaeft\/\"},{\"@type\":\"ListItem\",\"position\":3,\"name\":\"Entrupy Zertifikat\"}]},{\"@type\":\"WebSite\",\"@id\":\"https:\/\/pst.mobitouch.pl\/de\/#website\",\"url\":\"https:\/\/pst.mobitouch.pl\/de\/\",\"name\":\"Prime SwissTime\",\"description\":\"Pre-owned watches\",\"publisher\":{\"@id\":\"https:\/\/pst.mobitouch.pl\/de\/#organization\"},\"potentialAction\":[{\"@type\":\"SearchAction\",\"target\":{\"@type\":\"EntryPoint\",\"urlTemplate\":\"https:\/\/pst.mobitouch.pl\/de\/?s={search_term_string}\"},\"query-input\":{\"@type\":\"PropertyValueSpecification\",\"valueRequired\":true,\"valueName\":\"search_term_string\"}}],\"inLanguage\":\"de\"},{\"@type\":\"Organization\",\"@id\":\"https:\/\/pst.mobitouch.pl\/de\/#organization\",\"name\":\"Prime SwissTime\",\"url\":\"https:\/\/pst.mobitouch.pl\/de\/\",\"logo\":{\"@type\":\"ImageObject\",\"inLanguage\":\"de\",\"@id\":\"https:\/\/pst.mobitouch.pl\/de\/#\/schema\/logo\/image\/\",\"url\":\"https:\/\/pst.mobitouch.pl\/wp-content\/uploads\/2024\/08\/Asset-24.png\",\"contentUrl\":\"https:\/\/pst.mobitouch.pl\/wp-content\/uploads\/2024\/08\/Asset-24.png\",\"width\":2614,\"height\":320,\"caption\":\"Prime SwissTime\"},\"image\":{\"@id\":\"https:\/\/pst.mobitouch.pl\/de\/#\/schema\/logo\/image\/\"}}]}<\/script>\n<!-- \/ Yoast SEO plugin. -->","yoast_head_json":{"title":"Entrupy Zertifikat - Prime SwissTime","robots":{"index":"noindex","follow":"follow","max-snippet":"max-snippet:-1","max-image-preview":"max-image-preview:large","max-video-preview":"max-video-preview:-1"},"og_locale":"de_DE","og_type":"article","og_title":"Entrupy Zertifikat - Prime SwissTime","og_description":"Wir bieten Ihnen das Entrupy-Authentifizierungszertifikat - Ihre Garantie f\u00fcr Luxus und Sicherheit. Als Entrupy-Partner bieten wir Ihnen die M\u00f6glichkeit, ein Entrupy-Echtheitszertifikat f\u00fcr Ihre Designer-Handtasche zu erhalten. Das Entrupy-Zertifikat ist ein unabh\u00e4ngiger Echtheitsnachweis, der durch einen einzigartigen Link auf den Servern von Entrupy unterst\u00fctzt wird und durch eine finanzielle Garantie abgedeckt ist.  Warum sollten Sie das Entrupy-Zertifikat w\u00e4hlen?  Sicherstellung der Authentizit\u00e4t: Entrupy verwendet eine fortschrittliche mikroskopische Analysetechnologie und vergleicht Bilder mit Millionen von Datenpunkten in seiner umfangreichen Datenbank.  Finanzielle Garantie: Das Zertifikat sch\u00fctzt Sie vor Verlusten im Zusammenhang mit gef\u00e4lschten Artikeln.  Flexibilit\u00e4t: Sie k\u00f6nnen jederzeit online auf Ihr Zertifikat zugreifen und es auch ausdrucken.  Glaubw\u00fcrdigkeit: Das Zertifikat steigert den Wiederverkaufswert Ihrer Handtasche und beseitigt jeden Zweifel an ihrer Herkunft. Unterst\u00fctzte Marken: Balenciaga, Bottega Veneta, Burberry, C\u00e9line, Chanel, Chlo\u00e9, Coach, Dior, Fendi, Givenchy, Goyard, Gucci, Louis Vuitton, Prada, Saint Laurent, Valentino. Wie funktioniert es? Bei dem Verfahren werden mit dem patentierten Ger\u00e4t von Entrupy Bilder aufgenommen, die dann von KI-Algorithmen analysiert werden. Innerhalb von Sekunden best\u00e4tigt das System die Echtheit oder stuft den Gegenstand als \"nicht identifiziert\" ein. Vertrauen Sie Ihre Handtasche einer Technologie an, der Tausende von Kunden weltweit vertrauen. Das Entrupy-Zertifikat ist Ihr Schl\u00fcssel zu einem Luxus, an dem kein Zweifel besteht.","og_url":"https:\/\/pst.mobitouch.pl\/de\/produkt\/entrupy-zertifikat\/","og_site_name":"Prime SwissTime","og_image":[{"width":1000,"height":1600,"url":"https:\/\/pst.mobitouch.pl\/wp-content\/uploads\/2025\/01\/Entrupy-Nasz-Certyfikat.jpeg","type":"image\/jpeg"}],"twitter_card":"summary_large_image","schema":{"@context":"https:\/\/schema.org","@graph":[{"@type":"WebPage","@id":"https:\/\/pst.mobitouch.pl\/de\/produkt\/entrupy-zertifikat\/","url":"https:\/\/pst.mobitouch.pl\/de\/produkt\/entrupy-zertifikat\/","name":"Entrupy Zertifikat - Prime SwissTime","isPartOf":{"@id":"https:\/\/pst.mobitouch.pl\/de\/#website"},"primaryImageOfPage":{"@id":"https:\/\/pst.mobitouch.pl\/de\/produkt\/entrupy-zertifikat\/#primaryimage"},"image":{"@id":"https:\/\/pst.mobitouch.pl\/de\/produkt\/entrupy-zertifikat\/#primaryimage"},"thumbnailUrl":"https:\/\/pst.mobitouch.pl\/wp-content\/uploads\/2025\/01\/Entrupy-Nasz-Certyfikat.jpeg","datePublished":"2025-01-15T04:58:11+00:00","breadcrumb":{"@id":"https:\/\/pst.mobitouch.pl\/de\/produkt\/entrupy-zertifikat\/#breadcrumb"},"inLanguage":"de","potentialAction":[{"@type":"ReadAction","target":["https:\/\/pst.mobitouch.pl\/de\/produkt\/entrupy-zertifikat\/"]}]},{"@type":"ImageObject","inLanguage":"de","@id":"https:\/\/pst.mobitouch.pl\/de\/produkt\/entrupy-zertifikat\/#primaryimage","url":"https:\/\/pst.mobitouch.pl\/wp-content\/uploads\/2025\/01\/Entrupy-Nasz-Certyfikat.jpeg","contentUrl":"https:\/\/pst.mobitouch.pl\/wp-content\/uploads\/2025\/01\/Entrupy-Nasz-Certyfikat.jpeg","width":1000,"height":1600},{"@type":"BreadcrumbList","@id":"https:\/\/pst.mobitouch.pl\/de\/produkt\/entrupy-zertifikat\/#breadcrumb","itemListElement":[{"@type":"ListItem","position":1,"name":"Home","item":"http:\/\/pst.mobitouch.pl\/de\/"},{"@type":"ListItem","position":2,"name":"Shop","item":"https:\/\/pst.mobitouch.pl\/de\/geschaeft\/"},{"@type":"ListItem","position":3,"name":"Entrupy Zertifikat"}]},{"@type":"WebSite","@id":"https:\/\/pst.mobitouch.pl\/de\/#website","url":"https:\/\/pst.mobitouch.pl\/de\/","name":"Prime SwissTime","description":"Pre-owned watches","publisher":{"@id":"https:\/\/pst.mobitouch.pl\/de\/#organization"},"potentialAction":[{"@type":"SearchAction","target":{"@type":"EntryPoint","urlTemplate":"https:\/\/pst.mobitouch.pl\/de\/?s={search_term_string}"},"query-input":{"@type":"PropertyValueSpecification","valueRequired":true,"valueName":"search_term_string"}}],"inLanguage":"de"},{"@type":"Organization","@id":"https:\/\/pst.mobitouch.pl\/de\/#organization","name":"Prime SwissTime","url":"https:\/\/pst.mobitouch.pl\/de\/","logo":{"@type":"ImageObject","inLanguage":"de","@id":"https:\/\/pst.mobitouch.pl\/de\/#\/schema\/logo\/image\/","url":"https:\/\/pst.mobitouch.pl\/wp-content\/uploads\/2024\/08\/Asset-24.png","contentUrl":"https:\/\/pst.mobitouch.pl\/wp-content\/uploads\/2024\/08\/Asset-24.png","width":2614,"height":320,"caption":"Prime SwissTime"},"image":{"@id":"https:\/\/pst.mobitouch.pl\/de\/#\/schema\/logo\/image\/"}}]}},"_links":{"self":[{"href":"https:\/\/pst.mobitouch.pl\/de\/wp-json\/wp\/v2\/product\/9322","targetHints":{"allow":["GET"]}}],"collection":[{"href":"https:\/\/pst.mobitouch.pl\/de\/wp-json\/wp\/v2\/product"}],"about":[{"href":"https:\/\/pst.mobitouch.pl\/de\/wp-json\/wp\/v2\/types\/product"}],"wp:featuredmedia":[{"embeddable":true,"href":"https:\/\/pst.mobitouch.pl\/de\/wp-json\/wp\/v2\/media\/9317"}],"wp:attachment":[{"href":"https:\/\/pst.mobitouch.pl\/de\/wp-json\/wp\/v2\/media?parent=9322"}],"wp:term":[{"taxonomy":"product_brand","embeddable":true,"href":"https:\/\/pst.mobitouch.pl\/de\/wp-json\/wp\/v2\/product_brand?post=9322"},{"taxonomy":"product_cat","embeddable":true,"href":"https:\/\/pst.mobitouch.pl\/de\/wp-json\/wp\/v2\/product_cat?post=9322"},{"taxonomy":"product_tag","embeddable":true,"href":"https:\/\/pst.mobitouch.pl\/de\/wp-json\/wp\/v2\/product_tag?post=9322"}],"curies":[{"name":"wp","href":"https:\/\/api.w.org\/{rel}","templated":true}]}}