{"id":9329,"date":"2024-12-11T11:46:57","date_gmt":"2024-12-11T10:46:57","guid":{"rendered":"https:\/\/pst.mobitouch.pl\/product\/rolex-submariner-16613\/"},"modified":"2024-12-11T11:46:57","modified_gmt":"2024-12-11T10:46:57","slug":"rolex-submariner-16613","status":"publish","type":"product","link":"https:\/\/pst.mobitouch.pl\/de\/produkt\/rolex-submariner-16613\/","title":{"rendered":"Rolex Submariner 16613"},"content":{"rendered":"<p><strong>Pers\u00f6nliche Kontrolle der Uhr:<\/strong> Wir sind ein Online-Gesch\u00e4ft, aber unsere Uhren k\u00f6nnen nach vorheriger Absprache pers\u00f6nlich in Luzern \u00fcberpr\u00fcft werden.<\/p>\n<p><strong>Einfuhrkosten\/Steuern:<\/strong> Bitte beachten Sie, dass je nach den Bestimmungen in Ihrem Land Einfuhrkosten\/Steuern zum Preis der Uhr hinzukommen k\u00f6nnen. Pr\u00fcfen Sie vor dem Kauf die m\u00f6glichen Kosten.<\/p>\n<p><strong>Garantie:<\/strong> Auf alle Uhren, die wir verkaufen, gew\u00e4hren wir eine einj\u00e4hrige Garantie, die auf den Tag des Kaufs datiert ist.<\/p>\n<p><strong>Qualit\u00e4t:<\/strong> Alle Uhren werden vor dem Verkauf von einem Uhrmacher \u00fcberpr\u00fcft und bei Bedarf gewartet, um einen reibungslosen Gebrauch zu gew\u00e4hrleisten.<\/p>\n<p><strong>Authentizit\u00e4t:<\/strong> Wir garantieren, dass alle unsere Uhren authentisch sind.<\/p>\n<p><strong>Fotos:<\/strong> Alle Fotos sind von uns gemacht und zeigen genau die Uhr, die wir anbieten.<\/p>\n<p><strong>Tauschgesch\u00e4fte:<\/strong> Wir sind offen f\u00fcr Tauschgesch\u00e4fte. Wenn Sie eine Uhr zum Tausch anbieten, geben Sie bitte die Referenznummer und den erwarteten Preis an, um den Vorgang zu erleichtern.<\/p>\n<p><strong>Fragen:<\/strong> Z\u00f6gern Sie nicht, vor dem Kauf Fragen zu stellen, um Missverst\u00e4ndnissen und Zweifeln vorzubeugen.<\/p>\n","protected":false},"excerpt":{"rendered":"<p>Die Rolex Submariner Date ist eine legend\u00e4re Taucheruhr, die f\u00fcr ihr robustes Design und ihre unvergleichliche Vielseitigkeit gefeiert wird. Dieses Modell, das als Ikone in der Welt der Luxus-Sportuhren gilt, verbindet Funktionalit\u00e4t mit zeitloser Eleganz. Dieses besondere St\u00fcck, das urspr\u00fcnglich 1999 verkauft wurde, verf\u00fcgt \u00fcber das seltene Serti-Zifferblatt mit Diamant- und Saphirindexen, die dem Design einen Hauch von Opulenz verleihen. Die au\u00dfergew\u00f6hnliche Einzigartigkeit des Zifferblatts wird noch dadurch verst\u00e4rkt, dass es sich um eine &#8222;SWISS Only&#8220;-Version handelt, ein \u00dcbergangszifferblatt, das nur f\u00fcr ein Jahr w\u00e4hrend der Umstellung von Tritium auf Luminova produziert wurde. Die Uhr wird als komplettes Set mit der Originalbox und den Papieren geliefert, was sie zu einer au\u00dfergew\u00f6hnlichen Erg\u00e4nzung f\u00fcr jede Sammlung macht. <\/p>\n","protected":false},"featured_media":8819,"template":"","meta":{"_acf_changed":false},"product_brand":[],"product_cat":[140],"product_tag":[],"class_list":{"0":"post-9329","1":"product","2":"type-product","3":"status-publish","4":"has-post-thumbnail","6":"product_cat-uhren","8":"first","9":"instock","10":"taxable","11":"shipping-taxable","12":"purchasable","13":"product-type-simple"},"acf":[],"yoast_head":"<!-- This site is optimized with the Yoast SEO plugin v24.4 - https:\/\/yoast.com\/wordpress\/plugins\/seo\/ -->\n<title>Rolex Submariner 16613 - Prime SwissTime<\/title>\n<meta name=\"robots\" content=\"noindex, follow, max-snippet:-1, max-image-preview:large, max-video-preview:-1\" \/>\n<meta property=\"og:locale\" content=\"de_DE\" \/>\n<meta property=\"og:type\" content=\"article\" \/>\n<meta property=\"og:title\" content=\"Rolex Submariner 16613 - Prime SwissTime\" \/>\n<meta property=\"og:description\" content=\"Die Rolex Submariner Date ist eine legend\u00e4re Taucheruhr, die f\u00fcr ihr robustes Design und ihre unvergleichliche Vielseitigkeit gefeiert wird. Dieses Modell, das als Ikone in der Welt der Luxus-Sportuhren gilt, verbindet Funktionalit\u00e4t mit zeitloser Eleganz. Dieses besondere St\u00fcck, das urspr\u00fcnglich 1999 verkauft wurde, verf\u00fcgt \u00fcber das seltene Serti-Zifferblatt mit Diamant- und Saphirindexen, die dem Design einen Hauch von Opulenz verleihen. Die au\u00dfergew\u00f6hnliche Einzigartigkeit des Zifferblatts wird noch dadurch verst\u00e4rkt, dass es sich um eine &quot;SWISS Only&quot;-Version handelt, ein \u00dcbergangszifferblatt, das nur f\u00fcr ein Jahr w\u00e4hrend der Umstellung von Tritium auf Luminova produziert wurde. Die Uhr wird als komplettes Set mit der Originalbox und den Papieren geliefert, was sie zu einer au\u00dfergew\u00f6hnlichen Erg\u00e4nzung f\u00fcr jede Sammlung macht.\" \/>\n<meta property=\"og:url\" content=\"https:\/\/pst.mobitouch.pl\/de\/produkt\/rolex-submariner-16613\/\" \/>\n<meta property=\"og:site_name\" content=\"Prime SwissTime\" \/>\n<meta property=\"og:image\" content=\"https:\/\/pst.mobitouch.pl\/wp-content\/uploads\/2024\/12\/DSC_8636.jpg\" \/>\n\t<meta property=\"og:image:width\" content=\"1500\" \/>\n\t<meta property=\"og:image:height\" content=\"1500\" \/>\n\t<meta property=\"og:image:type\" content=\"image\/jpeg\" \/>\n<meta name=\"twitter:card\" content=\"summary_large_image\" \/>\n<meta name=\"twitter:label1\" content=\"Gesch\u00e4tzte Lesezeit\" \/>\n\t<meta name=\"twitter:data1\" content=\"1\u00a0Minute\" \/>\n<script type=\"application\/ld+json\" class=\"yoast-schema-graph\">{\"@context\":\"https:\/\/schema.org\",\"@graph\":[{\"@type\":\"WebPage\",\"@id\":\"https:\/\/pst.mobitouch.pl\/de\/produkt\/rolex-submariner-16613\/\",\"url\":\"https:\/\/pst.mobitouch.pl\/de\/produkt\/rolex-submariner-16613\/\",\"name\":\"Rolex Submariner 16613 - Prime SwissTime\",\"isPartOf\":{\"@id\":\"http:\/\/pst.mobitouch.pl\/de\/#website\"},\"primaryImageOfPage\":{\"@id\":\"https:\/\/pst.mobitouch.pl\/de\/produkt\/rolex-submariner-16613\/#primaryimage\"},\"image\":{\"@id\":\"https:\/\/pst.mobitouch.pl\/de\/produkt\/rolex-submariner-16613\/#primaryimage\"},\"thumbnailUrl\":\"https:\/\/pst.mobitouch.pl\/wp-content\/uploads\/2024\/12\/DSC_8636.jpg\",\"datePublished\":\"2024-12-11T10:46:57+00:00\",\"breadcrumb\":{\"@id\":\"https:\/\/pst.mobitouch.pl\/de\/produkt\/rolex-submariner-16613\/#breadcrumb\"},\"inLanguage\":\"de\",\"potentialAction\":[{\"@type\":\"ReadAction\",\"target\":[\"https:\/\/pst.mobitouch.pl\/de\/produkt\/rolex-submariner-16613\/\"]}]},{\"@type\":\"ImageObject\",\"inLanguage\":\"de\",\"@id\":\"https:\/\/pst.mobitouch.pl\/de\/produkt\/rolex-submariner-16613\/#primaryimage\",\"url\":\"https:\/\/pst.mobitouch.pl\/wp-content\/uploads\/2024\/12\/DSC_8636.jpg\",\"contentUrl\":\"https:\/\/pst.mobitouch.pl\/wp-content\/uploads\/2024\/12\/DSC_8636.jpg\",\"width\":1500,\"height\":1500},{\"@type\":\"BreadcrumbList\",\"@id\":\"https:\/\/pst.mobitouch.pl\/de\/produkt\/rolex-submariner-16613\/#breadcrumb\",\"itemListElement\":[{\"@type\":\"ListItem\",\"position\":1,\"name\":\"Home\",\"item\":\"http:\/\/pst.mobitouch.pl\/de\/\"},{\"@type\":\"ListItem\",\"position\":2,\"name\":\"Shop\",\"item\":\"http:\/\/pst.mobitouch.pl\/shop\/\"},{\"@type\":\"ListItem\",\"position\":3,\"name\":\"Rolex Submariner 16613\"}]},{\"@type\":\"WebSite\",\"@id\":\"http:\/\/pst.mobitouch.pl\/de\/#website\",\"url\":\"http:\/\/pst.mobitouch.pl\/de\/\",\"name\":\"Prime SwissTime\",\"description\":\"Pre-owned watches\",\"publisher\":{\"@id\":\"http:\/\/pst.mobitouch.pl\/de\/#organization\"},\"potentialAction\":[{\"@type\":\"SearchAction\",\"target\":{\"@type\":\"EntryPoint\",\"urlTemplate\":\"http:\/\/pst.mobitouch.pl\/de\/?s={search_term_string}\"},\"query-input\":{\"@type\":\"PropertyValueSpecification\",\"valueRequired\":true,\"valueName\":\"search_term_string\"}}],\"inLanguage\":\"de\"},{\"@type\":\"Organization\",\"@id\":\"http:\/\/pst.mobitouch.pl\/de\/#organization\",\"name\":\"Prime SwissTime\",\"url\":\"http:\/\/pst.mobitouch.pl\/de\/\",\"logo\":{\"@type\":\"ImageObject\",\"inLanguage\":\"de\",\"@id\":\"http:\/\/pst.mobitouch.pl\/de\/#\/schema\/logo\/image\/\",\"url\":\"https:\/\/pst.mobitouch.pl\/wp-content\/uploads\/2024\/08\/Asset-24.png\",\"contentUrl\":\"https:\/\/pst.mobitouch.pl\/wp-content\/uploads\/2024\/08\/Asset-24.png\",\"width\":2614,\"height\":320,\"caption\":\"Prime SwissTime\"},\"image\":{\"@id\":\"http:\/\/pst.mobitouch.pl\/de\/#\/schema\/logo\/image\/\"}}]}<\/script>\n<!-- \/ Yoast SEO plugin. -->","yoast_head_json":{"title":"Rolex Submariner 16613 - Prime SwissTime","robots":{"index":"noindex","follow":"follow","max-snippet":"max-snippet:-1","max-image-preview":"max-image-preview:large","max-video-preview":"max-video-preview:-1"},"og_locale":"de_DE","og_type":"article","og_title":"Rolex Submariner 16613 - Prime SwissTime","og_description":"Die Rolex Submariner Date ist eine legend\u00e4re Taucheruhr, die f\u00fcr ihr robustes Design und ihre unvergleichliche Vielseitigkeit gefeiert wird. Dieses Modell, das als Ikone in der Welt der Luxus-Sportuhren gilt, verbindet Funktionalit\u00e4t mit zeitloser Eleganz. Dieses besondere St\u00fcck, das urspr\u00fcnglich 1999 verkauft wurde, verf\u00fcgt \u00fcber das seltene Serti-Zifferblatt mit Diamant- und Saphirindexen, die dem Design einen Hauch von Opulenz verleihen. Die au\u00dfergew\u00f6hnliche Einzigartigkeit des Zifferblatts wird noch dadurch verst\u00e4rkt, dass es sich um eine \"SWISS Only\"-Version handelt, ein \u00dcbergangszifferblatt, das nur f\u00fcr ein Jahr w\u00e4hrend der Umstellung von Tritium auf Luminova produziert wurde. Die Uhr wird als komplettes Set mit der Originalbox und den Papieren geliefert, was sie zu einer au\u00dfergew\u00f6hnlichen Erg\u00e4nzung f\u00fcr jede Sammlung macht.","og_url":"https:\/\/pst.mobitouch.pl\/de\/produkt\/rolex-submariner-16613\/","og_site_name":"Prime SwissTime","og_image":[{"width":1500,"height":1500,"url":"https:\/\/pst.mobitouch.pl\/wp-content\/uploads\/2024\/12\/DSC_8636.jpg","type":"image\/jpeg"}],"twitter_card":"summary_large_image","twitter_misc":{"Gesch\u00e4tzte Lesezeit":"1\u00a0Minute"},"schema":{"@context":"https:\/\/schema.org","@graph":[{"@type":"WebPage","@id":"https:\/\/pst.mobitouch.pl\/de\/produkt\/rolex-submariner-16613\/","url":"https:\/\/pst.mobitouch.pl\/de\/produkt\/rolex-submariner-16613\/","name":"Rolex Submariner 16613 - Prime SwissTime","isPartOf":{"@id":"http:\/\/pst.mobitouch.pl\/de\/#website"},"primaryImageOfPage":{"@id":"https:\/\/pst.mobitouch.pl\/de\/produkt\/rolex-submariner-16613\/#primaryimage"},"image":{"@id":"https:\/\/pst.mobitouch.pl\/de\/produkt\/rolex-submariner-16613\/#primaryimage"},"thumbnailUrl":"https:\/\/pst.mobitouch.pl\/wp-content\/uploads\/2024\/12\/DSC_8636.jpg","datePublished":"2024-12-11T10:46:57+00:00","breadcrumb":{"@id":"https:\/\/pst.mobitouch.pl\/de\/produkt\/rolex-submariner-16613\/#breadcrumb"},"inLanguage":"de","potentialAction":[{"@type":"ReadAction","target":["https:\/\/pst.mobitouch.pl\/de\/produkt\/rolex-submariner-16613\/"]}]},{"@type":"ImageObject","inLanguage":"de","@id":"https:\/\/pst.mobitouch.pl\/de\/produkt\/rolex-submariner-16613\/#primaryimage","url":"https:\/\/pst.mobitouch.pl\/wp-content\/uploads\/2024\/12\/DSC_8636.jpg","contentUrl":"https:\/\/pst.mobitouch.pl\/wp-content\/uploads\/2024\/12\/DSC_8636.jpg","width":1500,"height":1500},{"@type":"BreadcrumbList","@id":"https:\/\/pst.mobitouch.pl\/de\/produkt\/rolex-submariner-16613\/#breadcrumb","itemListElement":[{"@type":"ListItem","position":1,"name":"Home","item":"http:\/\/pst.mobitouch.pl\/de\/"},{"@type":"ListItem","position":2,"name":"Shop","item":"http:\/\/pst.mobitouch.pl\/shop\/"},{"@type":"ListItem","position":3,"name":"Rolex Submariner 16613"}]},{"@type":"WebSite","@id":"http:\/\/pst.mobitouch.pl\/de\/#website","url":"http:\/\/pst.mobitouch.pl\/de\/","name":"Prime SwissTime","description":"Pre-owned watches","publisher":{"@id":"http:\/\/pst.mobitouch.pl\/de\/#organization"},"potentialAction":[{"@type":"SearchAction","target":{"@type":"EntryPoint","urlTemplate":"http:\/\/pst.mobitouch.pl\/de\/?s={search_term_string}"},"query-input":{"@type":"PropertyValueSpecification","valueRequired":true,"valueName":"search_term_string"}}],"inLanguage":"de"},{"@type":"Organization","@id":"http:\/\/pst.mobitouch.pl\/de\/#organization","name":"Prime SwissTime","url":"http:\/\/pst.mobitouch.pl\/de\/","logo":{"@type":"ImageObject","inLanguage":"de","@id":"http:\/\/pst.mobitouch.pl\/de\/#\/schema\/logo\/image\/","url":"https:\/\/pst.mobitouch.pl\/wp-content\/uploads\/2024\/08\/Asset-24.png","contentUrl":"https:\/\/pst.mobitouch.pl\/wp-content\/uploads\/2024\/08\/Asset-24.png","width":2614,"height":320,"caption":"Prime SwissTime"},"image":{"@id":"http:\/\/pst.mobitouch.pl\/de\/#\/schema\/logo\/image\/"}}]}},"_links":{"self":[{"href":"https:\/\/pst.mobitouch.pl\/de\/wp-json\/wp\/v2\/product\/9329","targetHints":{"allow":["GET"]}}],"collection":[{"href":"https:\/\/pst.mobitouch.pl\/de\/wp-json\/wp\/v2\/product"}],"about":[{"href":"https:\/\/pst.mobitouch.pl\/de\/wp-json\/wp\/v2\/types\/product"}],"wp:featuredmedia":[{"embeddable":true,"href":"https:\/\/pst.mobitouch.pl\/de\/wp-json\/wp\/v2\/media\/8819"}],"wp:attachment":[{"href":"https:\/\/pst.mobitouch.pl\/de\/wp-json\/wp\/v2\/media?parent=9329"}],"wp:term":[{"taxonomy":"product_brand","embeddable":true,"href":"https:\/\/pst.mobitouch.pl\/de\/wp-json\/wp\/v2\/product_brand?post=9329"},{"taxonomy":"product_cat","embeddable":true,"href":"https:\/\/pst.mobitouch.pl\/de\/wp-json\/wp\/v2\/product_cat?post=9329"},{"taxonomy":"product_tag","embeddable":true,"href":"https:\/\/pst.mobitouch.pl\/de\/wp-json\/wp\/v2\/product_tag?post=9329"}],"curies":[{"name":"wp","href":"https:\/\/api.w.org\/{rel}","templated":true}]}}