{"id":7063,"date":"2024-11-21T19:34:51","date_gmt":"2024-11-21T18:34:51","guid":{"rendered":"https:\/\/pst.mobitouch.pl\/product\/iwc-mark-xv-iw325302\/"},"modified":"2024-11-21T19:34:51","modified_gmt":"2024-11-21T18:34:51","slug":"iwc-mark-xv-iw325302","status":"publish","type":"product","link":"https:\/\/pst.mobitouch.pl\/fr\/produit\/iwc-mark-xv-iw325302\/","title":{"rendered":"IWC Mark XV IW325302"},"content":{"rendered":"<p><strong>V\u00e9rification de la montre en personne :<\/strong> Nous sommes un magasin en ligne, mais nos montres peuvent \u00eatre v\u00e9rifi\u00e9es en personne \u00e0 Lucerne sur accord pr\u00e9alable.<\/p>\n<p><strong>Co\u00fbts\/taxes d&rsquo;importation :<\/strong> Sachez que des frais\/taxes d&rsquo;importation peuvent \u00eatre ajout\u00e9s au prix de la montre, en fonction des r\u00e9glementations en vigueur dans votre pays. V\u00e9rifiez les co\u00fbts potentiels avant d&rsquo;acheter.<\/p>\n<p><strong>Garantie :<\/strong> Toutes les montres que nous vendons sont couvertes par une garantie d&rsquo;un an de notre magasin, dat\u00e9e du jour de l&rsquo;achat.<\/p>\n<p><strong>Qualit\u00e9 :<\/strong> Toutes les montres sont v\u00e9rifi\u00e9es par un horloger avant la vente et r\u00e9vis\u00e9es si n\u00e9cessaire pour garantir une utilisation sans probl\u00e8me.<\/p>\n<p><strong>Authenticit\u00e9 :<\/strong> Nous garantissons que toutes nos montres sont authentiques.<\/p>\n<p><strong>Photos :<\/strong> Toutes les photos sont prises par nos soins et montrent exactement la montre que nous proposons.<\/p>\n<p><strong>Echanges :<\/strong> Nous sommes ouverts aux \u00e9changes. Lorsque vous proposez une montre en \u00e9change, veuillez indiquer le num\u00e9ro de r\u00e9f\u00e9rence et le prix attendu afin de faciliter le processus.<\/p>\n<p><strong>Questions :<\/strong> N&rsquo;h\u00e9sitez pas \u00e0 poser des questions avant d&rsquo;acheter pour \u00e9viter les malentendus et les doutes.<\/p>\n","protected":false},"excerpt":{"rendered":"<p>L&rsquo;IWC Mark XV est une montre de pilote tr\u00e8s recherch\u00e9e, connue pour son design \u00e9pur\u00e9 et sa fiabilit\u00e9 exceptionnelle. Comptant parmi les garde-temps les plus embl\u00e9matiques du monde de l&rsquo;aviation, elle occupe une place particuli\u00e8re dans l&rsquo;histoire de la marque. Cette pi\u00e8ce particuli\u00e8re est l&rsquo;une des r\u00e9f\u00e9rences les plus rares, tr\u00e8s convoit\u00e9e par les collectionneurs. La montre est en tr\u00e8s bon \u00e9tat, fra\u00eechement r\u00e9vis\u00e9e et livr\u00e9e avec sa bo\u00eete d&rsquo;origine, ce qui en fait une trouvaille remarquable pour tout amateur. <\/p>\n","protected":false},"featured_media":6648,"template":"","meta":{"_acf_changed":false},"product_brand":[],"product_cat":[143],"product_tag":[],"class_list":{"0":"post-7063","1":"product","2":"type-product","3":"status-publish","4":"has-post-thumbnail","6":"product_cat-montres","8":"first","9":"instock","10":"taxable","11":"shipping-taxable","12":"purchasable","13":"product-type-simple"},"acf":[],"yoast_head":"<!-- This site is optimized with the Yoast SEO plugin v24.4 - https:\/\/yoast.com\/wordpress\/plugins\/seo\/ -->\n<title>IWC Mark XV IW325302 - Prime SwissTime<\/title>\n<meta name=\"robots\" content=\"noindex, follow, max-snippet:-1, max-image-preview:large, max-video-preview:-1\" \/>\n<meta property=\"og:locale\" content=\"fr_FR\" \/>\n<meta property=\"og:type\" content=\"article\" \/>\n<meta property=\"og:title\" content=\"IWC Mark XV IW325302 - Prime SwissTime\" \/>\n<meta property=\"og:description\" content=\"L&#039;IWC Mark XV est une montre de pilote tr\u00e8s recherch\u00e9e, connue pour son design \u00e9pur\u00e9 et sa fiabilit\u00e9 exceptionnelle. Comptant parmi les garde-temps les plus embl\u00e9matiques du monde de l&#039;aviation, elle occupe une place particuli\u00e8re dans l&#039;histoire de la marque. Cette pi\u00e8ce particuli\u00e8re est l&#039;une des r\u00e9f\u00e9rences les plus rares, tr\u00e8s convoit\u00e9e par les collectionneurs. La montre est en tr\u00e8s bon \u00e9tat, fra\u00eechement r\u00e9vis\u00e9e et livr\u00e9e avec sa bo\u00eete d&#039;origine, ce qui en fait une trouvaille remarquable pour tout amateur.\" \/>\n<meta property=\"og:url\" content=\"https:\/\/pst.mobitouch.pl\/fr\/produit\/iwc-mark-xv-iw325302\/\" \/>\n<meta property=\"og:site_name\" content=\"Prime SwissTime\" \/>\n<meta property=\"og:image\" content=\"https:\/\/pst.mobitouch.pl\/wp-content\/uploads\/2024\/11\/DSC_7066-scaled.jpg\" \/>\n\t<meta property=\"og:image:width\" content=\"2560\" \/>\n\t<meta property=\"og:image:height\" content=\"2560\" \/>\n\t<meta property=\"og:image:type\" content=\"image\/jpeg\" \/>\n<meta name=\"twitter:card\" content=\"summary_large_image\" \/>\n<meta name=\"twitter:label1\" content=\"Dur\u00e9e de lecture estim\u00e9e\" \/>\n\t<meta name=\"twitter:data1\" content=\"1 minute\" \/>\n<script type=\"application\/ld+json\" class=\"yoast-schema-graph\">{\"@context\":\"https:\/\/schema.org\",\"@graph\":[{\"@type\":\"WebPage\",\"@id\":\"https:\/\/pst.mobitouch.pl\/fr\/produit\/iwc-mark-xv-iw325302\/\",\"url\":\"https:\/\/pst.mobitouch.pl\/fr\/produit\/iwc-mark-xv-iw325302\/\",\"name\":\"IWC Mark XV IW325302 - Prime SwissTime\",\"isPartOf\":{\"@id\":\"https:\/\/pst.mobitouch.pl\/fr\/#website\"},\"primaryImageOfPage\":{\"@id\":\"https:\/\/pst.mobitouch.pl\/fr\/produit\/iwc-mark-xv-iw325302\/#primaryimage\"},\"image\":{\"@id\":\"https:\/\/pst.mobitouch.pl\/fr\/produit\/iwc-mark-xv-iw325302\/#primaryimage\"},\"thumbnailUrl\":\"https:\/\/pst.mobitouch.pl\/wp-content\/uploads\/2024\/11\/DSC_7066-scaled.jpg\",\"datePublished\":\"2024-11-21T18:34:51+00:00\",\"breadcrumb\":{\"@id\":\"https:\/\/pst.mobitouch.pl\/fr\/produit\/iwc-mark-xv-iw325302\/#breadcrumb\"},\"inLanguage\":\"fr-FR\",\"potentialAction\":[{\"@type\":\"ReadAction\",\"target\":[\"https:\/\/pst.mobitouch.pl\/fr\/produit\/iwc-mark-xv-iw325302\/\"]}]},{\"@type\":\"ImageObject\",\"inLanguage\":\"fr-FR\",\"@id\":\"https:\/\/pst.mobitouch.pl\/fr\/produit\/iwc-mark-xv-iw325302\/#primaryimage\",\"url\":\"https:\/\/pst.mobitouch.pl\/wp-content\/uploads\/2024\/11\/DSC_7066-scaled.jpg\",\"contentUrl\":\"https:\/\/pst.mobitouch.pl\/wp-content\/uploads\/2024\/11\/DSC_7066-scaled.jpg\",\"width\":2560,\"height\":2560},{\"@type\":\"BreadcrumbList\",\"@id\":\"https:\/\/pst.mobitouch.pl\/fr\/produit\/iwc-mark-xv-iw325302\/#breadcrumb\",\"itemListElement\":[{\"@type\":\"ListItem\",\"position\":1,\"name\":\"Home\",\"item\":\"https:\/\/pst.mobitouch.pl\/fr\/\"},{\"@type\":\"ListItem\",\"position\":2,\"name\":\"Boutique\",\"item\":\"http:\/\/pst.mobitouch.pl\/fr\/boutique\/\"},{\"@type\":\"ListItem\",\"position\":3,\"name\":\"IWC Mark XV IW325302\"}]},{\"@type\":\"WebSite\",\"@id\":\"https:\/\/pst.mobitouch.pl\/fr\/#website\",\"url\":\"https:\/\/pst.mobitouch.pl\/fr\/\",\"name\":\"Prime SwissTime\",\"description\":\"Pre-owned watches\",\"publisher\":{\"@id\":\"https:\/\/pst.mobitouch.pl\/fr\/#organization\"},\"potentialAction\":[{\"@type\":\"SearchAction\",\"target\":{\"@type\":\"EntryPoint\",\"urlTemplate\":\"https:\/\/pst.mobitouch.pl\/fr\/?s={search_term_string}\"},\"query-input\":{\"@type\":\"PropertyValueSpecification\",\"valueRequired\":true,\"valueName\":\"search_term_string\"}}],\"inLanguage\":\"fr-FR\"},{\"@type\":\"Organization\",\"@id\":\"https:\/\/pst.mobitouch.pl\/fr\/#organization\",\"name\":\"Prime SwissTime\",\"url\":\"https:\/\/pst.mobitouch.pl\/fr\/\",\"logo\":{\"@type\":\"ImageObject\",\"inLanguage\":\"fr-FR\",\"@id\":\"https:\/\/pst.mobitouch.pl\/fr\/#\/schema\/logo\/image\/\",\"url\":\"https:\/\/pst.mobitouch.pl\/wp-content\/uploads\/2024\/08\/Asset-24.png\",\"contentUrl\":\"https:\/\/pst.mobitouch.pl\/wp-content\/uploads\/2024\/08\/Asset-24.png\",\"width\":2614,\"height\":320,\"caption\":\"Prime SwissTime\"},\"image\":{\"@id\":\"https:\/\/pst.mobitouch.pl\/fr\/#\/schema\/logo\/image\/\"}}]}<\/script>\n<!-- \/ Yoast SEO plugin. -->","yoast_head_json":{"title":"IWC Mark XV IW325302 - Prime SwissTime","robots":{"index":"noindex","follow":"follow","max-snippet":"max-snippet:-1","max-image-preview":"max-image-preview:large","max-video-preview":"max-video-preview:-1"},"og_locale":"fr_FR","og_type":"article","og_title":"IWC Mark XV IW325302 - Prime SwissTime","og_description":"L'IWC Mark XV est une montre de pilote tr\u00e8s recherch\u00e9e, connue pour son design \u00e9pur\u00e9 et sa fiabilit\u00e9 exceptionnelle. Comptant parmi les garde-temps les plus embl\u00e9matiques du monde de l'aviation, elle occupe une place particuli\u00e8re dans l'histoire de la marque. Cette pi\u00e8ce particuli\u00e8re est l'une des r\u00e9f\u00e9rences les plus rares, tr\u00e8s convoit\u00e9e par les collectionneurs. La montre est en tr\u00e8s bon \u00e9tat, fra\u00eechement r\u00e9vis\u00e9e et livr\u00e9e avec sa bo\u00eete d'origine, ce qui en fait une trouvaille remarquable pour tout amateur.","og_url":"https:\/\/pst.mobitouch.pl\/fr\/produit\/iwc-mark-xv-iw325302\/","og_site_name":"Prime SwissTime","og_image":[{"width":2560,"height":2560,"url":"https:\/\/pst.mobitouch.pl\/wp-content\/uploads\/2024\/11\/DSC_7066-scaled.jpg","type":"image\/jpeg"}],"twitter_card":"summary_large_image","twitter_misc":{"Dur\u00e9e de lecture estim\u00e9e":"1 minute"},"schema":{"@context":"https:\/\/schema.org","@graph":[{"@type":"WebPage","@id":"https:\/\/pst.mobitouch.pl\/fr\/produit\/iwc-mark-xv-iw325302\/","url":"https:\/\/pst.mobitouch.pl\/fr\/produit\/iwc-mark-xv-iw325302\/","name":"IWC Mark XV IW325302 - Prime SwissTime","isPartOf":{"@id":"https:\/\/pst.mobitouch.pl\/fr\/#website"},"primaryImageOfPage":{"@id":"https:\/\/pst.mobitouch.pl\/fr\/produit\/iwc-mark-xv-iw325302\/#primaryimage"},"image":{"@id":"https:\/\/pst.mobitouch.pl\/fr\/produit\/iwc-mark-xv-iw325302\/#primaryimage"},"thumbnailUrl":"https:\/\/pst.mobitouch.pl\/wp-content\/uploads\/2024\/11\/DSC_7066-scaled.jpg","datePublished":"2024-11-21T18:34:51+00:00","breadcrumb":{"@id":"https:\/\/pst.mobitouch.pl\/fr\/produit\/iwc-mark-xv-iw325302\/#breadcrumb"},"inLanguage":"fr-FR","potentialAction":[{"@type":"ReadAction","target":["https:\/\/pst.mobitouch.pl\/fr\/produit\/iwc-mark-xv-iw325302\/"]}]},{"@type":"ImageObject","inLanguage":"fr-FR","@id":"https:\/\/pst.mobitouch.pl\/fr\/produit\/iwc-mark-xv-iw325302\/#primaryimage","url":"https:\/\/pst.mobitouch.pl\/wp-content\/uploads\/2024\/11\/DSC_7066-scaled.jpg","contentUrl":"https:\/\/pst.mobitouch.pl\/wp-content\/uploads\/2024\/11\/DSC_7066-scaled.jpg","width":2560,"height":2560},{"@type":"BreadcrumbList","@id":"https:\/\/pst.mobitouch.pl\/fr\/produit\/iwc-mark-xv-iw325302\/#breadcrumb","itemListElement":[{"@type":"ListItem","position":1,"name":"Home","item":"https:\/\/pst.mobitouch.pl\/fr\/"},{"@type":"ListItem","position":2,"name":"Boutique","item":"http:\/\/pst.mobitouch.pl\/fr\/boutique\/"},{"@type":"ListItem","position":3,"name":"IWC Mark XV IW325302"}]},{"@type":"WebSite","@id":"https:\/\/pst.mobitouch.pl\/fr\/#website","url":"https:\/\/pst.mobitouch.pl\/fr\/","name":"Prime SwissTime","description":"Pre-owned watches","publisher":{"@id":"https:\/\/pst.mobitouch.pl\/fr\/#organization"},"potentialAction":[{"@type":"SearchAction","target":{"@type":"EntryPoint","urlTemplate":"https:\/\/pst.mobitouch.pl\/fr\/?s={search_term_string}"},"query-input":{"@type":"PropertyValueSpecification","valueRequired":true,"valueName":"search_term_string"}}],"inLanguage":"fr-FR"},{"@type":"Organization","@id":"https:\/\/pst.mobitouch.pl\/fr\/#organization","name":"Prime SwissTime","url":"https:\/\/pst.mobitouch.pl\/fr\/","logo":{"@type":"ImageObject","inLanguage":"fr-FR","@id":"https:\/\/pst.mobitouch.pl\/fr\/#\/schema\/logo\/image\/","url":"https:\/\/pst.mobitouch.pl\/wp-content\/uploads\/2024\/08\/Asset-24.png","contentUrl":"https:\/\/pst.mobitouch.pl\/wp-content\/uploads\/2024\/08\/Asset-24.png","width":2614,"height":320,"caption":"Prime SwissTime"},"image":{"@id":"https:\/\/pst.mobitouch.pl\/fr\/#\/schema\/logo\/image\/"}}]}},"_links":{"self":[{"href":"https:\/\/pst.mobitouch.pl\/fr\/wp-json\/wp\/v2\/product\/7063","targetHints":{"allow":["GET"]}}],"collection":[{"href":"https:\/\/pst.mobitouch.pl\/fr\/wp-json\/wp\/v2\/product"}],"about":[{"href":"https:\/\/pst.mobitouch.pl\/fr\/wp-json\/wp\/v2\/types\/product"}],"wp:featuredmedia":[{"embeddable":true,"href":"https:\/\/pst.mobitouch.pl\/fr\/wp-json\/wp\/v2\/media\/6648"}],"wp:attachment":[{"href":"https:\/\/pst.mobitouch.pl\/fr\/wp-json\/wp\/v2\/media?parent=7063"}],"wp:term":[{"taxonomy":"product_brand","embeddable":true,"href":"https:\/\/pst.mobitouch.pl\/fr\/wp-json\/wp\/v2\/product_brand?post=7063"},{"taxonomy":"product_cat","embeddable":true,"href":"https:\/\/pst.mobitouch.pl\/fr\/wp-json\/wp\/v2\/product_cat?post=7063"},{"taxonomy":"product_tag","embeddable":true,"href":"https:\/\/pst.mobitouch.pl\/fr\/wp-json\/wp\/v2\/product_tag?post=7063"}],"curies":[{"name":"wp","href":"https:\/\/api.w.org\/{rel}","templated":true}]}}