{"id":8154,"date":"2024-11-22T15:57:05","date_gmt":"2024-11-22T14:57:05","guid":{"rendered":"https:\/\/pst.mobitouch.pl\/product\/iwc-portugaise-iw358312\/"},"modified":"2024-11-22T15:57:05","modified_gmt":"2024-11-22T14:57:05","slug":"iwc-portugaise-iw358312","status":"publish","type":"product","link":"https:\/\/pst.mobitouch.pl\/fr\/produit\/iwc-portugaise-iw358312\/","title":{"rendered":"IWC Portugaise IW358312"},"content":{"rendered":"<p><strong>V\u00e9rification de la montre en personne :<\/strong> Nous sommes un magasin en ligne, mais nos montres peuvent \u00eatre v\u00e9rifi\u00e9es en personne \u00e0 Lucerne sur accord pr\u00e9alable.<\/p>\n<p><strong>Co\u00fbts\/taxes d&rsquo;importation :<\/strong> Veuillez noter que des frais\/taxes d&rsquo;importation peuvent \u00eatre ajout\u00e9s au prix de la montre, en fonction de la r\u00e9glementation en vigueur dans votre pays. V\u00e9rifiez les co\u00fbts potentiels avant d&rsquo;acheter.<\/p>\n<p><strong>Garantie :<\/strong> Toutes les montres que nous vendons sont couvertes par une garantie d&rsquo;un an de notre magasin, dat\u00e9e du jour de l&rsquo;achat.<\/p>\n<p><strong>Qualit\u00e9 :<\/strong> Toutes les montres sont v\u00e9rifi\u00e9es par un horloger avant la vente et r\u00e9vis\u00e9es si n\u00e9cessaire pour garantir une utilisation sans probl\u00e8me.<\/p>\n<p><strong>Authenticit\u00e9 :<\/strong> Nous garantissons que toutes nos montres sont authentiques.<\/p>\n<p><strong>Photos :<\/strong> Toutes les photos sont prises par nos soins et montrent exactement la montre que nous proposons.<\/p>\n<p><strong>Echanges :<\/strong> Nous sommes ouverts aux \u00e9changes. Lorsque vous proposez une montre en \u00e9change, veuillez indiquer le num\u00e9ro de r\u00e9f\u00e9rence et le prix pr\u00e9vu afin de faciliter le processus.<\/p>\n<p><strong>Questions :<\/strong> N&rsquo;h\u00e9sitez pas \u00e0 poser des questions avant d&rsquo;acheter pour \u00e9viter les malentendus et les doutes.<\/p>\n","protected":false},"excerpt":{"rendered":"<p>La Portugaise IWC est un exemple intemporel d&rsquo;\u00e9l\u00e9gance et de pr\u00e9cision, c\u00e9l\u00e8bre pour son design \u00e9pur\u00e9 et son savoir-faire exceptionnel. Ce mod\u00e8le est une pierre angulaire de la collection d&rsquo;IWC, admir\u00e9e par les amateurs de montres du monde entier. Cette pi\u00e8ce particuli\u00e8re, datant de 2022, est en tr\u00e8s bon \u00e9tat et est accompagn\u00e9e de sa bo\u00eete et de ses papiers d&rsquo;origine. Un choix parfait pour les collectionneurs \u00e0 la recherche d&rsquo;un garde-temps raffin\u00e9 et sophistiqu\u00e9. <\/p>\n","protected":false},"featured_media":7049,"template":"","meta":{"_acf_changed":false},"product_brand":[],"product_cat":[143],"product_tag":[],"class_list":{"0":"post-8154","1":"product","2":"type-product","3":"status-publish","4":"has-post-thumbnail","6":"product_cat-montres","8":"first","9":"instock","10":"sale","11":"taxable","12":"shipping-taxable","13":"purchasable","14":"product-type-simple"},"acf":[],"yoast_head":"<!-- This site is optimized with the Yoast SEO plugin v24.4 - https:\/\/yoast.com\/wordpress\/plugins\/seo\/ -->\n<title>IWC Portugaise IW358312 - Prime SwissTime<\/title>\n<meta name=\"robots\" content=\"noindex, follow, max-snippet:-1, max-image-preview:large, max-video-preview:-1\" \/>\n<meta property=\"og:locale\" content=\"fr_FR\" \/>\n<meta property=\"og:type\" content=\"article\" \/>\n<meta property=\"og:title\" content=\"IWC Portugaise IW358312 - Prime SwissTime\" \/>\n<meta property=\"og:description\" content=\"La Portugaise IWC est un exemple intemporel d&#039;\u00e9l\u00e9gance et de pr\u00e9cision, c\u00e9l\u00e8bre pour son design \u00e9pur\u00e9 et son savoir-faire exceptionnel. Ce mod\u00e8le est une pierre angulaire de la collection d&#039;IWC, admir\u00e9e par les amateurs de montres du monde entier. Cette pi\u00e8ce particuli\u00e8re, datant de 2022, est en tr\u00e8s bon \u00e9tat et est accompagn\u00e9e de sa bo\u00eete et de ses papiers d&#039;origine. Un choix parfait pour les collectionneurs \u00e0 la recherche d&#039;un garde-temps raffin\u00e9 et sophistiqu\u00e9.\" \/>\n<meta property=\"og:url\" content=\"https:\/\/pst.mobitouch.pl\/fr\/produit\/iwc-portugaise-iw358312\/\" \/>\n<meta property=\"og:site_name\" content=\"Prime SwissTime\" \/>\n<meta property=\"og:image\" content=\"https:\/\/pst.mobitouch.pl\/wp-content\/uploads\/2024\/11\/DSC_3056-scaled.jpg\" \/>\n\t<meta property=\"og:image:width\" content=\"2560\" \/>\n\t<meta property=\"og:image:height\" content=\"2560\" \/>\n\t<meta property=\"og:image:type\" content=\"image\/jpeg\" \/>\n<meta name=\"twitter:card\" content=\"summary_large_image\" \/>\n<meta name=\"twitter:label1\" content=\"Dur\u00e9e de lecture estim\u00e9e\" \/>\n\t<meta name=\"twitter:data1\" content=\"1 minute\" \/>\n<script type=\"application\/ld+json\" class=\"yoast-schema-graph\">{\"@context\":\"https:\/\/schema.org\",\"@graph\":[{\"@type\":\"WebPage\",\"@id\":\"https:\/\/pst.mobitouch.pl\/fr\/produit\/iwc-portugaise-iw358312\/\",\"url\":\"https:\/\/pst.mobitouch.pl\/fr\/produit\/iwc-portugaise-iw358312\/\",\"name\":\"IWC Portugaise IW358312 - Prime SwissTime\",\"isPartOf\":{\"@id\":\"https:\/\/pst.mobitouch.pl\/fr\/#website\"},\"primaryImageOfPage\":{\"@id\":\"https:\/\/pst.mobitouch.pl\/fr\/produit\/iwc-portugaise-iw358312\/#primaryimage\"},\"image\":{\"@id\":\"https:\/\/pst.mobitouch.pl\/fr\/produit\/iwc-portugaise-iw358312\/#primaryimage\"},\"thumbnailUrl\":\"https:\/\/pst.mobitouch.pl\/wp-content\/uploads\/2024\/11\/DSC_3056-scaled.jpg\",\"datePublished\":\"2024-11-22T14:57:05+00:00\",\"breadcrumb\":{\"@id\":\"https:\/\/pst.mobitouch.pl\/fr\/produit\/iwc-portugaise-iw358312\/#breadcrumb\"},\"inLanguage\":\"fr-FR\",\"potentialAction\":[{\"@type\":\"ReadAction\",\"target\":[\"https:\/\/pst.mobitouch.pl\/fr\/produit\/iwc-portugaise-iw358312\/\"]}]},{\"@type\":\"ImageObject\",\"inLanguage\":\"fr-FR\",\"@id\":\"https:\/\/pst.mobitouch.pl\/fr\/produit\/iwc-portugaise-iw358312\/#primaryimage\",\"url\":\"https:\/\/pst.mobitouch.pl\/wp-content\/uploads\/2024\/11\/DSC_3056-scaled.jpg\",\"contentUrl\":\"https:\/\/pst.mobitouch.pl\/wp-content\/uploads\/2024\/11\/DSC_3056-scaled.jpg\",\"width\":2560,\"height\":2560},{\"@type\":\"BreadcrumbList\",\"@id\":\"https:\/\/pst.mobitouch.pl\/fr\/produit\/iwc-portugaise-iw358312\/#breadcrumb\",\"itemListElement\":[{\"@type\":\"ListItem\",\"position\":1,\"name\":\"Home\",\"item\":\"https:\/\/pst.mobitouch.pl\/fr\/\"},{\"@type\":\"ListItem\",\"position\":2,\"name\":\"Boutique\",\"item\":\"http:\/\/pst.mobitouch.pl\/fr\/boutique\/\"},{\"@type\":\"ListItem\",\"position\":3,\"name\":\"IWC Portugaise IW358312\"}]},{\"@type\":\"WebSite\",\"@id\":\"https:\/\/pst.mobitouch.pl\/fr\/#website\",\"url\":\"https:\/\/pst.mobitouch.pl\/fr\/\",\"name\":\"Prime SwissTime\",\"description\":\"Pre-owned watches\",\"publisher\":{\"@id\":\"https:\/\/pst.mobitouch.pl\/fr\/#organization\"},\"potentialAction\":[{\"@type\":\"SearchAction\",\"target\":{\"@type\":\"EntryPoint\",\"urlTemplate\":\"https:\/\/pst.mobitouch.pl\/fr\/?s={search_term_string}\"},\"query-input\":{\"@type\":\"PropertyValueSpecification\",\"valueRequired\":true,\"valueName\":\"search_term_string\"}}],\"inLanguage\":\"fr-FR\"},{\"@type\":\"Organization\",\"@id\":\"https:\/\/pst.mobitouch.pl\/fr\/#organization\",\"name\":\"Prime SwissTime\",\"url\":\"https:\/\/pst.mobitouch.pl\/fr\/\",\"logo\":{\"@type\":\"ImageObject\",\"inLanguage\":\"fr-FR\",\"@id\":\"https:\/\/pst.mobitouch.pl\/fr\/#\/schema\/logo\/image\/\",\"url\":\"https:\/\/pst.mobitouch.pl\/wp-content\/uploads\/2024\/08\/Asset-24.png\",\"contentUrl\":\"https:\/\/pst.mobitouch.pl\/wp-content\/uploads\/2024\/08\/Asset-24.png\",\"width\":2614,\"height\":320,\"caption\":\"Prime SwissTime\"},\"image\":{\"@id\":\"https:\/\/pst.mobitouch.pl\/fr\/#\/schema\/logo\/image\/\"}}]}<\/script>\n<!-- \/ Yoast SEO plugin. -->","yoast_head_json":{"title":"IWC Portugaise IW358312 - Prime SwissTime","robots":{"index":"noindex","follow":"follow","max-snippet":"max-snippet:-1","max-image-preview":"max-image-preview:large","max-video-preview":"max-video-preview:-1"},"og_locale":"fr_FR","og_type":"article","og_title":"IWC Portugaise IW358312 - Prime SwissTime","og_description":"La Portugaise IWC est un exemple intemporel d'\u00e9l\u00e9gance et de pr\u00e9cision, c\u00e9l\u00e8bre pour son design \u00e9pur\u00e9 et son savoir-faire exceptionnel. Ce mod\u00e8le est une pierre angulaire de la collection d'IWC, admir\u00e9e par les amateurs de montres du monde entier. Cette pi\u00e8ce particuli\u00e8re, datant de 2022, est en tr\u00e8s bon \u00e9tat et est accompagn\u00e9e de sa bo\u00eete et de ses papiers d'origine. Un choix parfait pour les collectionneurs \u00e0 la recherche d'un garde-temps raffin\u00e9 et sophistiqu\u00e9.","og_url":"https:\/\/pst.mobitouch.pl\/fr\/produit\/iwc-portugaise-iw358312\/","og_site_name":"Prime SwissTime","og_image":[{"width":2560,"height":2560,"url":"https:\/\/pst.mobitouch.pl\/wp-content\/uploads\/2024\/11\/DSC_3056-scaled.jpg","type":"image\/jpeg"}],"twitter_card":"summary_large_image","twitter_misc":{"Dur\u00e9e de lecture estim\u00e9e":"1 minute"},"schema":{"@context":"https:\/\/schema.org","@graph":[{"@type":"WebPage","@id":"https:\/\/pst.mobitouch.pl\/fr\/produit\/iwc-portugaise-iw358312\/","url":"https:\/\/pst.mobitouch.pl\/fr\/produit\/iwc-portugaise-iw358312\/","name":"IWC Portugaise IW358312 - Prime SwissTime","isPartOf":{"@id":"https:\/\/pst.mobitouch.pl\/fr\/#website"},"primaryImageOfPage":{"@id":"https:\/\/pst.mobitouch.pl\/fr\/produit\/iwc-portugaise-iw358312\/#primaryimage"},"image":{"@id":"https:\/\/pst.mobitouch.pl\/fr\/produit\/iwc-portugaise-iw358312\/#primaryimage"},"thumbnailUrl":"https:\/\/pst.mobitouch.pl\/wp-content\/uploads\/2024\/11\/DSC_3056-scaled.jpg","datePublished":"2024-11-22T14:57:05+00:00","breadcrumb":{"@id":"https:\/\/pst.mobitouch.pl\/fr\/produit\/iwc-portugaise-iw358312\/#breadcrumb"},"inLanguage":"fr-FR","potentialAction":[{"@type":"ReadAction","target":["https:\/\/pst.mobitouch.pl\/fr\/produit\/iwc-portugaise-iw358312\/"]}]},{"@type":"ImageObject","inLanguage":"fr-FR","@id":"https:\/\/pst.mobitouch.pl\/fr\/produit\/iwc-portugaise-iw358312\/#primaryimage","url":"https:\/\/pst.mobitouch.pl\/wp-content\/uploads\/2024\/11\/DSC_3056-scaled.jpg","contentUrl":"https:\/\/pst.mobitouch.pl\/wp-content\/uploads\/2024\/11\/DSC_3056-scaled.jpg","width":2560,"height":2560},{"@type":"BreadcrumbList","@id":"https:\/\/pst.mobitouch.pl\/fr\/produit\/iwc-portugaise-iw358312\/#breadcrumb","itemListElement":[{"@type":"ListItem","position":1,"name":"Home","item":"https:\/\/pst.mobitouch.pl\/fr\/"},{"@type":"ListItem","position":2,"name":"Boutique","item":"http:\/\/pst.mobitouch.pl\/fr\/boutique\/"},{"@type":"ListItem","position":3,"name":"IWC Portugaise IW358312"}]},{"@type":"WebSite","@id":"https:\/\/pst.mobitouch.pl\/fr\/#website","url":"https:\/\/pst.mobitouch.pl\/fr\/","name":"Prime SwissTime","description":"Pre-owned watches","publisher":{"@id":"https:\/\/pst.mobitouch.pl\/fr\/#organization"},"potentialAction":[{"@type":"SearchAction","target":{"@type":"EntryPoint","urlTemplate":"https:\/\/pst.mobitouch.pl\/fr\/?s={search_term_string}"},"query-input":{"@type":"PropertyValueSpecification","valueRequired":true,"valueName":"search_term_string"}}],"inLanguage":"fr-FR"},{"@type":"Organization","@id":"https:\/\/pst.mobitouch.pl\/fr\/#organization","name":"Prime SwissTime","url":"https:\/\/pst.mobitouch.pl\/fr\/","logo":{"@type":"ImageObject","inLanguage":"fr-FR","@id":"https:\/\/pst.mobitouch.pl\/fr\/#\/schema\/logo\/image\/","url":"https:\/\/pst.mobitouch.pl\/wp-content\/uploads\/2024\/08\/Asset-24.png","contentUrl":"https:\/\/pst.mobitouch.pl\/wp-content\/uploads\/2024\/08\/Asset-24.png","width":2614,"height":320,"caption":"Prime SwissTime"},"image":{"@id":"https:\/\/pst.mobitouch.pl\/fr\/#\/schema\/logo\/image\/"}}]}},"_links":{"self":[{"href":"https:\/\/pst.mobitouch.pl\/fr\/wp-json\/wp\/v2\/product\/8154","targetHints":{"allow":["GET"]}}],"collection":[{"href":"https:\/\/pst.mobitouch.pl\/fr\/wp-json\/wp\/v2\/product"}],"about":[{"href":"https:\/\/pst.mobitouch.pl\/fr\/wp-json\/wp\/v2\/types\/product"}],"wp:featuredmedia":[{"embeddable":true,"href":"https:\/\/pst.mobitouch.pl\/fr\/wp-json\/wp\/v2\/media\/7049"}],"wp:attachment":[{"href":"https:\/\/pst.mobitouch.pl\/fr\/wp-json\/wp\/v2\/media?parent=8154"}],"wp:term":[{"taxonomy":"product_brand","embeddable":true,"href":"https:\/\/pst.mobitouch.pl\/fr\/wp-json\/wp\/v2\/product_brand?post=8154"},{"taxonomy":"product_cat","embeddable":true,"href":"https:\/\/pst.mobitouch.pl\/fr\/wp-json\/wp\/v2\/product_cat?post=8154"},{"taxonomy":"product_tag","embeddable":true,"href":"https:\/\/pst.mobitouch.pl\/fr\/wp-json\/wp\/v2\/product_tag?post=8154"}],"curies":[{"name":"wp","href":"https:\/\/api.w.org\/{rel}","templated":true}]}}