{"id":8418,"date":"2024-12-03T12:54:15","date_gmt":"2024-12-03T11:54:15","guid":{"rendered":"https:\/\/pst.mobitouch.pl\/product\/chanel-bijoux-chain-double-flap\/"},"modified":"2024-12-03T12:54:15","modified_gmt":"2024-12-03T11:54:15","slug":"chanel-bijoux-chain-double-flap","status":"publish","type":"product","link":"https:\/\/pst.mobitouch.pl\/fr\/produit\/chanel-bijoux-chain-double-flap\/","title":{"rendered":"Chanel Bijoux Chain Double Flap"},"content":{"rendered":"<p><strong>V\u00e9rification du sac en personne :<\/strong> Nous sommes un magasin en ligne, mais nos sacs peuvent \u00eatre contr\u00f4l\u00e9s en personne \u00e0 Lucerne sur accord pr\u00e9alable.<\/p>\n<p><strong>Authenticit\u00e9 :<\/strong> Nous garantissons que tous nos produits sont authentiques.<\/p>\n<p><strong>Photos :<\/strong> Toutes les photos sont prises par nous et montrent exactement le produit que nous offrons<strong>.<\/strong><\/p>\n<p><strong>Questions :<\/strong> N&rsquo;h\u00e9sitez pas \u00e0 poser des questions avant l&rsquo;achat pour \u00e9viter les malentendus et les doutes.<\/p>\n","protected":false},"excerpt":{"rendered":"<p>Chanel est une ic\u00f4ne de l&rsquo;\u00e9l\u00e9gance et du luxe, avec des sacs \u00e0 main qui symbolisent un style intemporel. Fabriqu\u00e9s \u00e0 partir de mat\u00e9riaux de la plus haute qualit\u00e9, les sacs de la marque allient harmonieusement un design classique \u00e0 une touche de modernit\u00e9. <\/p>\n","protected":false},"featured_media":8278,"template":"","meta":{"_acf_changed":false},"product_brand":[],"product_cat":[141],"product_tag":[],"class_list":{"0":"post-8418","1":"product","2":"type-product","3":"status-publish","4":"has-post-thumbnail","6":"product_cat-sacs","8":"first","9":"instock","10":"taxable","11":"shipping-taxable","12":"purchasable","13":"product-type-simple"},"acf":[],"yoast_head":"<!-- This site is optimized with the Yoast SEO plugin v24.4 - https:\/\/yoast.com\/wordpress\/plugins\/seo\/ -->\n<title>Chanel Bijoux Chain Double Flap - Prime SwissTime<\/title>\n<meta name=\"robots\" content=\"noindex, follow, max-snippet:-1, max-image-preview:large, max-video-preview:-1\" \/>\n<meta property=\"og:locale\" content=\"fr_FR\" \/>\n<meta property=\"og:type\" content=\"article\" \/>\n<meta property=\"og:title\" content=\"Chanel Bijoux Chain Double Flap - Prime SwissTime\" \/>\n<meta property=\"og:description\" content=\"Chanel est une ic\u00f4ne de l&#039;\u00e9l\u00e9gance et du luxe, avec des sacs \u00e0 main qui symbolisent un style intemporel. Fabriqu\u00e9s \u00e0 partir de mat\u00e9riaux de la plus haute qualit\u00e9, les sacs de la marque allient harmonieusement un design classique \u00e0 une touche de modernit\u00e9.\" \/>\n<meta property=\"og:url\" content=\"https:\/\/pst.mobitouch.pl\/fr\/produit\/chanel-bijoux-chain-double-flap\/\" \/>\n<meta property=\"og:site_name\" content=\"Prime SwissTime\" \/>\n<meta property=\"og:image\" content=\"http:\/\/pst.mobitouch.pl\/wp-content\/uploads\/2024\/12\/DSC01794.jpg\" \/>\n\t<meta property=\"og:image:width\" content=\"1500\" \/>\n\t<meta property=\"og:image:height\" content=\"1500\" \/>\n\t<meta property=\"og:image:type\" content=\"image\/jpeg\" \/>\n<meta name=\"twitter:card\" content=\"summary_large_image\" \/>\n<script type=\"application\/ld+json\" class=\"yoast-schema-graph\">{\"@context\":\"https:\/\/schema.org\",\"@graph\":[{\"@type\":\"WebPage\",\"@id\":\"https:\/\/pst.mobitouch.pl\/fr\/produit\/chanel-bijoux-chain-double-flap\/\",\"url\":\"https:\/\/pst.mobitouch.pl\/fr\/produit\/chanel-bijoux-chain-double-flap\/\",\"name\":\"Chanel Bijoux Chain Double Flap - Prime SwissTime\",\"isPartOf\":{\"@id\":\"https:\/\/pst.mobitouch.pl\/fr\/#website\"},\"primaryImageOfPage\":{\"@id\":\"https:\/\/pst.mobitouch.pl\/fr\/produit\/chanel-bijoux-chain-double-flap\/#primaryimage\"},\"image\":{\"@id\":\"https:\/\/pst.mobitouch.pl\/fr\/produit\/chanel-bijoux-chain-double-flap\/#primaryimage\"},\"thumbnailUrl\":\"https:\/\/pst.mobitouch.pl\/wp-content\/uploads\/2024\/12\/DSC01794.jpg\",\"datePublished\":\"2024-12-03T11:54:15+00:00\",\"breadcrumb\":{\"@id\":\"https:\/\/pst.mobitouch.pl\/fr\/produit\/chanel-bijoux-chain-double-flap\/#breadcrumb\"},\"inLanguage\":\"fr-FR\",\"potentialAction\":[{\"@type\":\"ReadAction\",\"target\":[\"https:\/\/pst.mobitouch.pl\/fr\/produit\/chanel-bijoux-chain-double-flap\/\"]}]},{\"@type\":\"ImageObject\",\"inLanguage\":\"fr-FR\",\"@id\":\"https:\/\/pst.mobitouch.pl\/fr\/produit\/chanel-bijoux-chain-double-flap\/#primaryimage\",\"url\":\"https:\/\/pst.mobitouch.pl\/wp-content\/uploads\/2024\/12\/DSC01794.jpg\",\"contentUrl\":\"https:\/\/pst.mobitouch.pl\/wp-content\/uploads\/2024\/12\/DSC01794.jpg\",\"width\":1500,\"height\":1500},{\"@type\":\"BreadcrumbList\",\"@id\":\"https:\/\/pst.mobitouch.pl\/fr\/produit\/chanel-bijoux-chain-double-flap\/#breadcrumb\",\"itemListElement\":[{\"@type\":\"ListItem\",\"position\":1,\"name\":\"Home\",\"item\":\"https:\/\/pst.mobitouch.pl\/fr\/\"},{\"@type\":\"ListItem\",\"position\":2,\"name\":\"Boutique\",\"item\":\"http:\/\/pst.mobitouch.pl\/fr\/boutique\/\"},{\"@type\":\"ListItem\",\"position\":3,\"name\":\"Chanel Bijoux Chain Double Flap\"}]},{\"@type\":\"WebSite\",\"@id\":\"https:\/\/pst.mobitouch.pl\/fr\/#website\",\"url\":\"https:\/\/pst.mobitouch.pl\/fr\/\",\"name\":\"Prime SwissTime\",\"description\":\"Pre-owned watches\",\"publisher\":{\"@id\":\"https:\/\/pst.mobitouch.pl\/fr\/#organization\"},\"potentialAction\":[{\"@type\":\"SearchAction\",\"target\":{\"@type\":\"EntryPoint\",\"urlTemplate\":\"https:\/\/pst.mobitouch.pl\/fr\/?s={search_term_string}\"},\"query-input\":{\"@type\":\"PropertyValueSpecification\",\"valueRequired\":true,\"valueName\":\"search_term_string\"}}],\"inLanguage\":\"fr-FR\"},{\"@type\":\"Organization\",\"@id\":\"https:\/\/pst.mobitouch.pl\/fr\/#organization\",\"name\":\"Prime SwissTime\",\"url\":\"https:\/\/pst.mobitouch.pl\/fr\/\",\"logo\":{\"@type\":\"ImageObject\",\"inLanguage\":\"fr-FR\",\"@id\":\"https:\/\/pst.mobitouch.pl\/fr\/#\/schema\/logo\/image\/\",\"url\":\"https:\/\/pst.mobitouch.pl\/wp-content\/uploads\/2024\/08\/Asset-24.png\",\"contentUrl\":\"https:\/\/pst.mobitouch.pl\/wp-content\/uploads\/2024\/08\/Asset-24.png\",\"width\":2614,\"height\":320,\"caption\":\"Prime SwissTime\"},\"image\":{\"@id\":\"https:\/\/pst.mobitouch.pl\/fr\/#\/schema\/logo\/image\/\"}}]}<\/script>\n<!-- \/ Yoast SEO plugin. -->","yoast_head_json":{"title":"Chanel Bijoux Chain Double Flap - Prime SwissTime","robots":{"index":"noindex","follow":"follow","max-snippet":"max-snippet:-1","max-image-preview":"max-image-preview:large","max-video-preview":"max-video-preview:-1"},"og_locale":"fr_FR","og_type":"article","og_title":"Chanel Bijoux Chain Double Flap - Prime SwissTime","og_description":"Chanel est une ic\u00f4ne de l'\u00e9l\u00e9gance et du luxe, avec des sacs \u00e0 main qui symbolisent un style intemporel. Fabriqu\u00e9s \u00e0 partir de mat\u00e9riaux de la plus haute qualit\u00e9, les sacs de la marque allient harmonieusement un design classique \u00e0 une touche de modernit\u00e9.","og_url":"https:\/\/pst.mobitouch.pl\/fr\/produit\/chanel-bijoux-chain-double-flap\/","og_site_name":"Prime SwissTime","og_image":[{"width":1500,"height":1500,"url":"http:\/\/pst.mobitouch.pl\/wp-content\/uploads\/2024\/12\/DSC01794.jpg","type":"image\/jpeg"}],"twitter_card":"summary_large_image","schema":{"@context":"https:\/\/schema.org","@graph":[{"@type":"WebPage","@id":"https:\/\/pst.mobitouch.pl\/fr\/produit\/chanel-bijoux-chain-double-flap\/","url":"https:\/\/pst.mobitouch.pl\/fr\/produit\/chanel-bijoux-chain-double-flap\/","name":"Chanel Bijoux Chain Double Flap - Prime SwissTime","isPartOf":{"@id":"https:\/\/pst.mobitouch.pl\/fr\/#website"},"primaryImageOfPage":{"@id":"https:\/\/pst.mobitouch.pl\/fr\/produit\/chanel-bijoux-chain-double-flap\/#primaryimage"},"image":{"@id":"https:\/\/pst.mobitouch.pl\/fr\/produit\/chanel-bijoux-chain-double-flap\/#primaryimage"},"thumbnailUrl":"https:\/\/pst.mobitouch.pl\/wp-content\/uploads\/2024\/12\/DSC01794.jpg","datePublished":"2024-12-03T11:54:15+00:00","breadcrumb":{"@id":"https:\/\/pst.mobitouch.pl\/fr\/produit\/chanel-bijoux-chain-double-flap\/#breadcrumb"},"inLanguage":"fr-FR","potentialAction":[{"@type":"ReadAction","target":["https:\/\/pst.mobitouch.pl\/fr\/produit\/chanel-bijoux-chain-double-flap\/"]}]},{"@type":"ImageObject","inLanguage":"fr-FR","@id":"https:\/\/pst.mobitouch.pl\/fr\/produit\/chanel-bijoux-chain-double-flap\/#primaryimage","url":"https:\/\/pst.mobitouch.pl\/wp-content\/uploads\/2024\/12\/DSC01794.jpg","contentUrl":"https:\/\/pst.mobitouch.pl\/wp-content\/uploads\/2024\/12\/DSC01794.jpg","width":1500,"height":1500},{"@type":"BreadcrumbList","@id":"https:\/\/pst.mobitouch.pl\/fr\/produit\/chanel-bijoux-chain-double-flap\/#breadcrumb","itemListElement":[{"@type":"ListItem","position":1,"name":"Home","item":"https:\/\/pst.mobitouch.pl\/fr\/"},{"@type":"ListItem","position":2,"name":"Boutique","item":"http:\/\/pst.mobitouch.pl\/fr\/boutique\/"},{"@type":"ListItem","position":3,"name":"Chanel Bijoux Chain Double Flap"}]},{"@type":"WebSite","@id":"https:\/\/pst.mobitouch.pl\/fr\/#website","url":"https:\/\/pst.mobitouch.pl\/fr\/","name":"Prime SwissTime","description":"Pre-owned watches","publisher":{"@id":"https:\/\/pst.mobitouch.pl\/fr\/#organization"},"potentialAction":[{"@type":"SearchAction","target":{"@type":"EntryPoint","urlTemplate":"https:\/\/pst.mobitouch.pl\/fr\/?s={search_term_string}"},"query-input":{"@type":"PropertyValueSpecification","valueRequired":true,"valueName":"search_term_string"}}],"inLanguage":"fr-FR"},{"@type":"Organization","@id":"https:\/\/pst.mobitouch.pl\/fr\/#organization","name":"Prime SwissTime","url":"https:\/\/pst.mobitouch.pl\/fr\/","logo":{"@type":"ImageObject","inLanguage":"fr-FR","@id":"https:\/\/pst.mobitouch.pl\/fr\/#\/schema\/logo\/image\/","url":"https:\/\/pst.mobitouch.pl\/wp-content\/uploads\/2024\/08\/Asset-24.png","contentUrl":"https:\/\/pst.mobitouch.pl\/wp-content\/uploads\/2024\/08\/Asset-24.png","width":2614,"height":320,"caption":"Prime SwissTime"},"image":{"@id":"https:\/\/pst.mobitouch.pl\/fr\/#\/schema\/logo\/image\/"}}]}},"_links":{"self":[{"href":"https:\/\/pst.mobitouch.pl\/fr\/wp-json\/wp\/v2\/product\/8418","targetHints":{"allow":["GET"]}}],"collection":[{"href":"https:\/\/pst.mobitouch.pl\/fr\/wp-json\/wp\/v2\/product"}],"about":[{"href":"https:\/\/pst.mobitouch.pl\/fr\/wp-json\/wp\/v2\/types\/product"}],"wp:featuredmedia":[{"embeddable":true,"href":"https:\/\/pst.mobitouch.pl\/fr\/wp-json\/wp\/v2\/media\/8278"}],"wp:attachment":[{"href":"https:\/\/pst.mobitouch.pl\/fr\/wp-json\/wp\/v2\/media?parent=8418"}],"wp:term":[{"taxonomy":"product_brand","embeddable":true,"href":"https:\/\/pst.mobitouch.pl\/fr\/wp-json\/wp\/v2\/product_brand?post=8418"},{"taxonomy":"product_cat","embeddable":true,"href":"https:\/\/pst.mobitouch.pl\/fr\/wp-json\/wp\/v2\/product_cat?post=8418"},{"taxonomy":"product_tag","embeddable":true,"href":"https:\/\/pst.mobitouch.pl\/fr\/wp-json\/wp\/v2\/product_tag?post=8418"}],"curies":[{"name":"wp","href":"https:\/\/api.w.org\/{rel}","templated":true}]}}