{"id":9323,"date":"2025-01-15T05:58:11","date_gmt":"2025-01-15T04:58:11","guid":{"rendered":"https:\/\/pst.mobitouch.pl\/product\/certificat-entrupy\/"},"modified":"2025-01-15T05:58:11","modified_gmt":"2025-01-15T04:58:11","slug":"certificat-entrupy","status":"publish","type":"product","link":"https:\/\/pst.mobitouch.pl\/fr\/produit\/certificat-entrupy\/","title":{"rendered":"Certificat Entrupy"},"content":{"rendered":"<div class=\"flex-shrink-0 flex flex-col relative items-end\">\n<div>\n<div class=\"pt-0\">\n<div class=\"gizmo-bot-avatar flex h-8 w-8 items-center justify-center overflow-hidden rounded-full\">\n<div class=\"relative p-1 rounded-sm flex items-center justify-center bg-token-main-surface-primary text-token-text-primary h-8 w-8\"><\/div>\n<\/div>\n<\/div>\n<\/div>\n<\/div>\n<div class=\"group\/conversation-turn relative flex w-full min-w-0 flex-col agent-turn\">\n<div class=\"flex-col gap-1 md:gap-3\">\n<div class=\"flex max-w-full flex-col flex-grow\">\n<div class=\"min-h-8 text-message flex w-full flex-col items-end gap-2 whitespace-normal break-words text-start [.text-message+&amp;]:mt-5\" dir=\"auto\" data-message-author-role=\"assistant\" data-message-id=\"92e001b2-5022-4275-b5c6-a991eb795ef0\" data-message-model-slug=\"gpt-4o\">\n<div class=\"flex w-full flex-col gap-1 empty:hidden first:pt-[3px]\">\n<div class=\"markdown prose w-full break-words dark:prose-invert light\">\n<p><strong>Comment obtenir un certificat d&rsquo;authentification Entrupy ?<\/strong><\/p>\n<p>Apr\u00e8s avoir achet\u00e9 le service sur notre site web, il vous suffit de nous envoyer votre sac \u00e0 main.<br \/>\nLe processus de certification prend g\u00e9n\u00e9ralement jusqu&rsquo;\u00e0 deux jours ouvrables. Une fois la proc\u00e9dure termin\u00e9e, nous vous renverrons votre sac \u00e0 main accompagn\u00e9 du certificat d\u00e9livr\u00e9. <\/p>\n<\/div>\n<\/div>\n<\/div>\n<\/div>\n<\/div>\n<\/div>\n","protected":false},"excerpt":{"rendered":"<p><strong>Nous offrons le certificat d&rsquo;authentification Entrupy &#8211; votre garantie de luxe et d&rsquo;assurance.<\/strong><\/p>\n<p>En tant que partenaire d&rsquo;Entrupy, nous vous offrons la possibilit\u00e9 d&rsquo;obtenir un certificat d&rsquo;authenticit\u00e9 Entrupy pour votre sac \u00e0 main de cr\u00e9ateur. Le certificat Entrupy est une v\u00e9rification ind\u00e9pendante de l&rsquo;authenticit\u00e9, soutenue par un lien unique h\u00e9berg\u00e9 sur les serveurs d&rsquo;Entrupy et couvert par une garantie financi\u00e8re. <\/p>\n<p><strong>Pourquoi choisir le certificat Entrupy ?<\/strong><\/p>\n<ul>\n<li><strong>Garantie d&rsquo;authenticit\u00e9 :<\/strong> Entrupy utilise une technologie d&rsquo;analyse microscopique avanc\u00e9e, comparant les images \u00e0 des millions de points de donn\u00e9es dans sa vaste base de donn\u00e9es.<\/li>\n<li><strong>Garantie financi\u00e8re :<\/strong> Le certificat vous prot\u00e8ge contre les pertes li\u00e9es aux articles contrefaits.<\/li>\n<li><strong>Flexibilit\u00e9 :<\/strong> Acc\u00e9dez \u00e0 votre certificat en ligne \u00e0 tout moment avec la possibilit\u00e9 de l&rsquo;imprimer.<\/li>\n<li><strong>Cr\u00e9dibilit\u00e9 :<\/strong> Le certificat augmente la valeur de revente de votre sac \u00e0 main et l\u00e8ve tout doute quant \u00e0 son origine.<\/li>\n<\/ul>\n<p><strong>Marques soutenues :<\/strong><br \/>\nBalenciaga, Bottega Veneta, Burberry, C\u00e9line, Chanel, Chlo\u00e9, Coach, Dior, Fendi, Givenchy, Goyard, Gucci, Louis Vuitton, Prada, Saint Laurent, Valentino.<\/p>\n<p><strong>Comment cela fonctionne-t-il ?<\/strong><br \/>\nLe processus consiste \u00e0 capturer des images \u00e0 l&rsquo;aide du dispositif brevet\u00e9 d&rsquo;Entrupy, qui sont ensuite analys\u00e9es par des algorithmes d&rsquo;intelligence artificielle. En quelques secondes, le syst\u00e8me confirme l&rsquo;authenticit\u00e9 de l&rsquo;objet ou le classe dans la cat\u00e9gorie \u00ab\u00a0non identifi\u00e9\u00a0\u00bb. Confiez votre sac \u00e0 main \u00e0 une technologie \u00e0 laquelle des milliers de clients font confiance dans le monde entier. Le certificat Entrupy est la cl\u00e9 du luxe sans l&rsquo;ombre d&rsquo;un doute. <\/p>\n","protected":false},"featured_media":9316,"template":"","meta":{"_acf_changed":false},"product_brand":[],"product_cat":[1613],"product_tag":[],"class_list":{"0":"post-9323","1":"product","2":"type-product","3":"status-publish","4":"has-post-thumbnail","6":"product_cat-non-classe","8":"first","9":"instock","10":"virtual","11":"taxable","12":"purchasable","13":"product-type-simple"},"acf":[],"yoast_head":"<!-- This site is optimized with the Yoast SEO plugin v24.4 - https:\/\/yoast.com\/wordpress\/plugins\/seo\/ -->\n<title>Certificat Entrupy - Prime SwissTime<\/title>\n<meta name=\"robots\" content=\"noindex, follow, max-snippet:-1, max-image-preview:large, max-video-preview:-1\" \/>\n<meta property=\"og:locale\" content=\"fr_FR\" \/>\n<meta property=\"og:type\" content=\"article\" \/>\n<meta property=\"og:title\" content=\"Certificat Entrupy - Prime SwissTime\" \/>\n<meta property=\"og:description\" content=\"Nous offrons le certificat d&#039;authentification Entrupy - votre garantie de luxe et d&#039;assurance. En tant que partenaire d&#039;Entrupy, nous vous offrons la possibilit\u00e9 d&#039;obtenir un certificat d&#039;authenticit\u00e9 Entrupy pour votre sac \u00e0 main de cr\u00e9ateur. Le certificat Entrupy est une v\u00e9rification ind\u00e9pendante de l&#039;authenticit\u00e9, soutenue par un lien unique h\u00e9berg\u00e9 sur les serveurs d&#039;Entrupy et couvert par une garantie financi\u00e8re.  Pourquoi choisir le certificat Entrupy ?  Garantie d&#039;authenticit\u00e9 : Entrupy utilise une technologie d&#039;analyse microscopique avanc\u00e9e, comparant les images \u00e0 des millions de points de donn\u00e9es dans sa vaste base de donn\u00e9es.  Garantie financi\u00e8re : Le certificat vous prot\u00e8ge contre les pertes li\u00e9es aux articles contrefaits.  Flexibilit\u00e9 : Acc\u00e9dez \u00e0 votre certificat en ligne \u00e0 tout moment avec la possibilit\u00e9 de l&#039;imprimer.  Cr\u00e9dibilit\u00e9 : Le certificat augmente la valeur de revente de votre sac \u00e0 main et l\u00e8ve tout doute quant \u00e0 son origine. Marques soutenues : Balenciaga, Bottega Veneta, Burberry, C\u00e9line, Chanel, Chlo\u00e9, Coach, Dior, Fendi, Givenchy, Goyard, Gucci, Louis Vuitton, Prada, Saint Laurent, Valentino. Comment cela fonctionne-t-il ? Le processus consiste \u00e0 capturer des images \u00e0 l&#039;aide du dispositif brevet\u00e9 d&#039;Entrupy, qui sont ensuite analys\u00e9es par des algorithmes d&#039;intelligence artificielle. En quelques secondes, le syst\u00e8me confirme l&#039;authenticit\u00e9 de l&#039;objet ou le classe dans la cat\u00e9gorie &quot;non identifi\u00e9&quot;. Confiez votre sac \u00e0 main \u00e0 une technologie \u00e0 laquelle des milliers de clients font confiance dans le monde entier. Le certificat Entrupy est la cl\u00e9 du luxe sans l&#039;ombre d&#039;un doute.\" \/>\n<meta property=\"og:url\" content=\"https:\/\/pst.mobitouch.pl\/fr\/produit\/certificat-entrupy\/\" \/>\n<meta property=\"og:site_name\" content=\"Prime SwissTime\" \/>\n<meta property=\"og:image\" content=\"http:\/\/pst.mobitouch.pl\/wp-content\/uploads\/2025\/01\/Entrupy-Nasz-Certyfikat.jpeg\" \/>\n\t<meta property=\"og:image:width\" content=\"1000\" \/>\n\t<meta property=\"og:image:height\" content=\"1600\" \/>\n\t<meta property=\"og:image:type\" content=\"image\/jpeg\" \/>\n<meta name=\"twitter:card\" content=\"summary_large_image\" \/>\n<script type=\"application\/ld+json\" class=\"yoast-schema-graph\">{\"@context\":\"https:\/\/schema.org\",\"@graph\":[{\"@type\":\"WebPage\",\"@id\":\"https:\/\/pst.mobitouch.pl\/fr\/produit\/certificat-entrupy\/\",\"url\":\"https:\/\/pst.mobitouch.pl\/fr\/produit\/certificat-entrupy\/\",\"name\":\"Certificat Entrupy - Prime SwissTime\",\"isPartOf\":{\"@id\":\"http:\/\/pst.mobitouch.pl\/fr\/#website\"},\"primaryImageOfPage\":{\"@id\":\"https:\/\/pst.mobitouch.pl\/fr\/produit\/certificat-entrupy\/#primaryimage\"},\"image\":{\"@id\":\"https:\/\/pst.mobitouch.pl\/fr\/produit\/certificat-entrupy\/#primaryimage\"},\"thumbnailUrl\":\"https:\/\/pst.mobitouch.pl\/wp-content\/uploads\/2025\/01\/Entrupy-Nasz-Certyfikat.jpeg\",\"datePublished\":\"2025-01-15T04:58:11+00:00\",\"breadcrumb\":{\"@id\":\"https:\/\/pst.mobitouch.pl\/fr\/produit\/certificat-entrupy\/#breadcrumb\"},\"inLanguage\":\"fr-FR\",\"potentialAction\":[{\"@type\":\"ReadAction\",\"target\":[\"https:\/\/pst.mobitouch.pl\/fr\/produit\/certificat-entrupy\/\"]}]},{\"@type\":\"ImageObject\",\"inLanguage\":\"fr-FR\",\"@id\":\"https:\/\/pst.mobitouch.pl\/fr\/produit\/certificat-entrupy\/#primaryimage\",\"url\":\"https:\/\/pst.mobitouch.pl\/wp-content\/uploads\/2025\/01\/Entrupy-Nasz-Certyfikat.jpeg\",\"contentUrl\":\"https:\/\/pst.mobitouch.pl\/wp-content\/uploads\/2025\/01\/Entrupy-Nasz-Certyfikat.jpeg\",\"width\":1000,\"height\":1600},{\"@type\":\"BreadcrumbList\",\"@id\":\"https:\/\/pst.mobitouch.pl\/fr\/produit\/certificat-entrupy\/#breadcrumb\",\"itemListElement\":[{\"@type\":\"ListItem\",\"position\":1,\"name\":\"Home\",\"item\":\"http:\/\/pst.mobitouch.pl\/fr\/\"},{\"@type\":\"ListItem\",\"position\":2,\"name\":\"Boutique\",\"item\":\"http:\/\/pst.mobitouch.pl\/shop\/\"},{\"@type\":\"ListItem\",\"position\":3,\"name\":\"Certificat Entrupy\"}]},{\"@type\":\"WebSite\",\"@id\":\"http:\/\/pst.mobitouch.pl\/fr\/#website\",\"url\":\"http:\/\/pst.mobitouch.pl\/fr\/\",\"name\":\"Prime SwissTime\",\"description\":\"Pre-owned watches\",\"publisher\":{\"@id\":\"http:\/\/pst.mobitouch.pl\/fr\/#organization\"},\"potentialAction\":[{\"@type\":\"SearchAction\",\"target\":{\"@type\":\"EntryPoint\",\"urlTemplate\":\"http:\/\/pst.mobitouch.pl\/fr\/?s={search_term_string}\"},\"query-input\":{\"@type\":\"PropertyValueSpecification\",\"valueRequired\":true,\"valueName\":\"search_term_string\"}}],\"inLanguage\":\"fr-FR\"},{\"@type\":\"Organization\",\"@id\":\"http:\/\/pst.mobitouch.pl\/fr\/#organization\",\"name\":\"Prime SwissTime\",\"url\":\"http:\/\/pst.mobitouch.pl\/fr\/\",\"logo\":{\"@type\":\"ImageObject\",\"inLanguage\":\"fr-FR\",\"@id\":\"http:\/\/pst.mobitouch.pl\/fr\/#\/schema\/logo\/image\/\",\"url\":\"https:\/\/pst.mobitouch.pl\/wp-content\/uploads\/2024\/08\/Asset-24.png\",\"contentUrl\":\"https:\/\/pst.mobitouch.pl\/wp-content\/uploads\/2024\/08\/Asset-24.png\",\"width\":2614,\"height\":320,\"caption\":\"Prime SwissTime\"},\"image\":{\"@id\":\"http:\/\/pst.mobitouch.pl\/fr\/#\/schema\/logo\/image\/\"}}]}<\/script>\n<!-- \/ Yoast SEO plugin. -->","yoast_head_json":{"title":"Certificat Entrupy - Prime SwissTime","robots":{"index":"noindex","follow":"follow","max-snippet":"max-snippet:-1","max-image-preview":"max-image-preview:large","max-video-preview":"max-video-preview:-1"},"og_locale":"fr_FR","og_type":"article","og_title":"Certificat Entrupy - Prime SwissTime","og_description":"Nous offrons le certificat d'authentification Entrupy - votre garantie de luxe et d'assurance. En tant que partenaire d'Entrupy, nous vous offrons la possibilit\u00e9 d'obtenir un certificat d'authenticit\u00e9 Entrupy pour votre sac \u00e0 main de cr\u00e9ateur. Le certificat Entrupy est une v\u00e9rification ind\u00e9pendante de l'authenticit\u00e9, soutenue par un lien unique h\u00e9berg\u00e9 sur les serveurs d'Entrupy et couvert par une garantie financi\u00e8re.  Pourquoi choisir le certificat Entrupy ?  Garantie d'authenticit\u00e9 : Entrupy utilise une technologie d'analyse microscopique avanc\u00e9e, comparant les images \u00e0 des millions de points de donn\u00e9es dans sa vaste base de donn\u00e9es.  Garantie financi\u00e8re : Le certificat vous prot\u00e8ge contre les pertes li\u00e9es aux articles contrefaits.  Flexibilit\u00e9 : Acc\u00e9dez \u00e0 votre certificat en ligne \u00e0 tout moment avec la possibilit\u00e9 de l'imprimer.  Cr\u00e9dibilit\u00e9 : Le certificat augmente la valeur de revente de votre sac \u00e0 main et l\u00e8ve tout doute quant \u00e0 son origine. Marques soutenues : Balenciaga, Bottega Veneta, Burberry, C\u00e9line, Chanel, Chlo\u00e9, Coach, Dior, Fendi, Givenchy, Goyard, Gucci, Louis Vuitton, Prada, Saint Laurent, Valentino. Comment cela fonctionne-t-il ? Le processus consiste \u00e0 capturer des images \u00e0 l'aide du dispositif brevet\u00e9 d'Entrupy, qui sont ensuite analys\u00e9es par des algorithmes d'intelligence artificielle. En quelques secondes, le syst\u00e8me confirme l'authenticit\u00e9 de l'objet ou le classe dans la cat\u00e9gorie \"non identifi\u00e9\". Confiez votre sac \u00e0 main \u00e0 une technologie \u00e0 laquelle des milliers de clients font confiance dans le monde entier. Le certificat Entrupy est la cl\u00e9 du luxe sans l'ombre d'un doute.","og_url":"https:\/\/pst.mobitouch.pl\/fr\/produit\/certificat-entrupy\/","og_site_name":"Prime SwissTime","og_image":[{"width":1000,"height":1600,"url":"http:\/\/pst.mobitouch.pl\/wp-content\/uploads\/2025\/01\/Entrupy-Nasz-Certyfikat.jpeg","type":"image\/jpeg"}],"twitter_card":"summary_large_image","schema":{"@context":"https:\/\/schema.org","@graph":[{"@type":"WebPage","@id":"https:\/\/pst.mobitouch.pl\/fr\/produit\/certificat-entrupy\/","url":"https:\/\/pst.mobitouch.pl\/fr\/produit\/certificat-entrupy\/","name":"Certificat Entrupy - Prime SwissTime","isPartOf":{"@id":"http:\/\/pst.mobitouch.pl\/fr\/#website"},"primaryImageOfPage":{"@id":"https:\/\/pst.mobitouch.pl\/fr\/produit\/certificat-entrupy\/#primaryimage"},"image":{"@id":"https:\/\/pst.mobitouch.pl\/fr\/produit\/certificat-entrupy\/#primaryimage"},"thumbnailUrl":"https:\/\/pst.mobitouch.pl\/wp-content\/uploads\/2025\/01\/Entrupy-Nasz-Certyfikat.jpeg","datePublished":"2025-01-15T04:58:11+00:00","breadcrumb":{"@id":"https:\/\/pst.mobitouch.pl\/fr\/produit\/certificat-entrupy\/#breadcrumb"},"inLanguage":"fr-FR","potentialAction":[{"@type":"ReadAction","target":["https:\/\/pst.mobitouch.pl\/fr\/produit\/certificat-entrupy\/"]}]},{"@type":"ImageObject","inLanguage":"fr-FR","@id":"https:\/\/pst.mobitouch.pl\/fr\/produit\/certificat-entrupy\/#primaryimage","url":"https:\/\/pst.mobitouch.pl\/wp-content\/uploads\/2025\/01\/Entrupy-Nasz-Certyfikat.jpeg","contentUrl":"https:\/\/pst.mobitouch.pl\/wp-content\/uploads\/2025\/01\/Entrupy-Nasz-Certyfikat.jpeg","width":1000,"height":1600},{"@type":"BreadcrumbList","@id":"https:\/\/pst.mobitouch.pl\/fr\/produit\/certificat-entrupy\/#breadcrumb","itemListElement":[{"@type":"ListItem","position":1,"name":"Home","item":"http:\/\/pst.mobitouch.pl\/fr\/"},{"@type":"ListItem","position":2,"name":"Boutique","item":"http:\/\/pst.mobitouch.pl\/shop\/"},{"@type":"ListItem","position":3,"name":"Certificat Entrupy"}]},{"@type":"WebSite","@id":"http:\/\/pst.mobitouch.pl\/fr\/#website","url":"http:\/\/pst.mobitouch.pl\/fr\/","name":"Prime SwissTime","description":"Pre-owned watches","publisher":{"@id":"http:\/\/pst.mobitouch.pl\/fr\/#organization"},"potentialAction":[{"@type":"SearchAction","target":{"@type":"EntryPoint","urlTemplate":"http:\/\/pst.mobitouch.pl\/fr\/?s={search_term_string}"},"query-input":{"@type":"PropertyValueSpecification","valueRequired":true,"valueName":"search_term_string"}}],"inLanguage":"fr-FR"},{"@type":"Organization","@id":"http:\/\/pst.mobitouch.pl\/fr\/#organization","name":"Prime SwissTime","url":"http:\/\/pst.mobitouch.pl\/fr\/","logo":{"@type":"ImageObject","inLanguage":"fr-FR","@id":"http:\/\/pst.mobitouch.pl\/fr\/#\/schema\/logo\/image\/","url":"https:\/\/pst.mobitouch.pl\/wp-content\/uploads\/2024\/08\/Asset-24.png","contentUrl":"https:\/\/pst.mobitouch.pl\/wp-content\/uploads\/2024\/08\/Asset-24.png","width":2614,"height":320,"caption":"Prime SwissTime"},"image":{"@id":"http:\/\/pst.mobitouch.pl\/fr\/#\/schema\/logo\/image\/"}}]}},"_links":{"self":[{"href":"https:\/\/pst.mobitouch.pl\/fr\/wp-json\/wp\/v2\/product\/9323","targetHints":{"allow":["GET"]}}],"collection":[{"href":"https:\/\/pst.mobitouch.pl\/fr\/wp-json\/wp\/v2\/product"}],"about":[{"href":"https:\/\/pst.mobitouch.pl\/fr\/wp-json\/wp\/v2\/types\/product"}],"wp:featuredmedia":[{"embeddable":true,"href":"https:\/\/pst.mobitouch.pl\/fr\/wp-json\/wp\/v2\/media\/9316"}],"wp:attachment":[{"href":"https:\/\/pst.mobitouch.pl\/fr\/wp-json\/wp\/v2\/media?parent=9323"}],"wp:term":[{"taxonomy":"product_brand","embeddable":true,"href":"https:\/\/pst.mobitouch.pl\/fr\/wp-json\/wp\/v2\/product_brand?post=9323"},{"taxonomy":"product_cat","embeddable":true,"href":"https:\/\/pst.mobitouch.pl\/fr\/wp-json\/wp\/v2\/product_cat?post=9323"},{"taxonomy":"product_tag","embeddable":true,"href":"https:\/\/pst.mobitouch.pl\/fr\/wp-json\/wp\/v2\/product_tag?post=9323"}],"curies":[{"name":"wp","href":"https:\/\/api.w.org\/{rel}","templated":true}]}}